{"id":72,"date":"2020-02-26T10:31:17","date_gmt":"2020-02-26T10:31:17","guid":{"rendered":"https:\/\/mujer.cobas.es\/?page_id=72"},"modified":"2020-02-26T10:31:17","modified_gmt":"2020-02-26T10:31:17","slug":"informacion-legal","status":"publish","type":"page","link":"https:\/\/www.sitescobas.es\/indra\/informacion-legal\/","title":{"rendered":"INFORMACI\u00d3N LEGAL"},"content":{"rendered":"\n<h3 class=\"wp-block-heading\">1. INFORMACI\u00d3N CORPORATIVA<\/h3>\n\n\n\n<p>En virtud de las obligaciones establecidas por la Ley 34\/2002, de Servicios de la Sociedad de la Informaci\u00f3n y de Comercio Electr\u00f3nico:<br>El presente sitio web es propiedad de\u00a0<strong>SINDICATO DE COMISIONES DE BASE<\/strong> con CIF: G14643621 y con domicilio en C\/Moratines n\u00ba22, Esc.1\u00aa 1\u00baB 28005 Madrid.<br>El tel\u00e9fono de contacto es 91 527 74 06 y la direcci\u00f3n de correo electr\u00f3nico de contacto es\u00a0<a href=\"mailto:datos@cobas.es\">datos@cobas.es<\/a><\/p>\n\n\n\n<h3 class=\"wp-block-heading\">2. PROTECCI\u00d3N DE CONTENIDOS<\/h3>\n\n\n\n<p>El usuario reconoce y acepta que todos los derechos de propiedad industrial e intelectual sobre los contenidos y\/o cualesquier otros elementos insertados por&nbsp;<strong>SINDICATO DE COMISIONES DE BASE<\/strong>&nbsp;en el presente Sitio web (incluyente, a t\u00edtulo meramente enunciativo y no limitativo, todos aquellos elementos que conforman la apariencia visual, imagen gr\u00e1fica y otros est\u00edmulos sensoriales del sitio web o \u201clook and feel\u201d: marcas, logotipos, nombres comerciales, textos, im\u00e1genes, gr\u00e1ficos, dise\u00f1os, sue\u00f1os, bases de datos, software, diagramas de flujo, presentaci\u00f3n, arquitectura de navegaci\u00f3n, as\u00ed como los c\u00f3digos fuente de las p\u00e1ginas web) pertenecen a SINDICATO DE COMISIONES DE BASE y\/o a terceros a los cuales los han cedido sus derechos. A tales efectos, se entender\u00e1 como Sitio web todas aquellas creaciones incorporadas y expresadas por&nbsp;<strong>SINDICATO DE COMISIONES DE BASE<\/strong>&nbsp;por cualquier medio y\/o apoyo tangible o intangible, conocido o para conocer, que sean objete de protecci\u00f3n por las disposiciones de las normativas vigentes en materia de propiedad intelectual e industrial.<\/p>\n\n\n\n<p>En ning\u00fan caso el acceso al Sitio web implica alg\u00fan tipo de permiso, renuncia, transmisi\u00f3n, licencia o cesi\u00f3n total ni parcial de dichos derechos por parte de sus titulares, salvo que se establezca expresamente el contrario. Los presentes termas y condiciones de uso del Sitio web no confieren a los USUARIOS cabe otro derecho de utilizaci\u00f3n, alteraci\u00f3n, explotaci\u00f3n, reproducci\u00f3n, distribuci\u00f3n o comunicaci\u00f3n p\u00fablica del Sitio web y\/o de sus contenidos diferentes de los aqu\u00ed expresamente previstos.<\/p>\n\n\n\n<p>Queda terminantemente prohibida la utilizaci\u00f3n de tales elementos, su total o parcial reproducci\u00f3n, comunicaci\u00f3n y\/o distribuci\u00f3n con finalidades comerciales o lucrativos, as\u00ed como su modificaci\u00f3n, alteraci\u00f3n, decompilaci\u00f3n y\/o cualquiera otro acto de explotaci\u00f3n del Sitio web.<\/p>\n\n\n\n<p>Sin perjuicio de todo el anterior, si el usuario o un tercero estima que alguien contenido del Sitio web pudiera vulnerar derechos de propiedad intelectual e industrial, rogamos as\u00ed lo pongan en nuestro conocimiento cuanto antes mejor, remitiendo un correo electr\u00f3nico a la direcci\u00f3n&nbsp;<a href=\"mailto:datos@cobas.es\">datos@cobas.es<\/a><\/p>\n\n\n\n<h3 class=\"wp-block-heading\">3. PRIVACIDAD Y PROTECCI\u00d3N DE DATOS<\/h3>\n\n\n\n<p><strong>SINDICADO DE COMISIONES DE BASE<\/strong>, como responsable del presente Sitio web y en conformidad con lo dispuesto por la Ley Org\u00e1nica 15\/1999, de 13 de diciembre, de Protecci\u00f3n de Datos de Car\u00e1cter Personal (LOPD) y por la Ley 34\/2002, de 11 de julio, de Servicios de la Sociedad de la Informaci\u00f3n y de Comercio Electr\u00f3nico (LSSI-CE), ha puesto en pr\u00e1ctica aquellas pol\u00edticas, medios y procedimientos t\u00e9cnicos y organizativos para garantizar y proteger la confidencialidad, integridad y disponibilidad de los datos de car\u00e1cter personal de sus usuarios. Estos datos ser\u00e1n tratados en uno\/os fichero\/s debidamente inscrito\/s en la Agencia Espa\u00f1ola de Protecci\u00f3n de Datos, en conformidad con el establecido en la legislaci\u00f3n vigente.<br>En el supuesto de que los datos a facilitar por el usuario fueran necesarios porque el equipo de&nbsp;<strong>SINDICATO DE COMISIONES DE BASE<\/strong>&nbsp;pudiera:<\/p>\n\n\n\n<p>i) Responder a las consultas, proporcionar informaciones requeridas por el usuario.<\/p>\n\n\n\n<p>ii) Realizar toda aquella prestaci\u00f3n de servicios y\/o productos contratados o subscritos por el usuario.<\/p>\n\n\n\n<p>iii) Proporcionar acceso al usuario a determinadas funcionalidades del Sitio web.<\/p>\n\n\n\n<p>iv) Realizar todas aquellas actividades propias de&nbsp;<strong>SINDICATO DE COMISIONES DE BASE<\/strong>&nbsp;por la presente rese\u00f1adas,&nbsp;<strong>SINDICADO DE COMISIONES DE BASE<\/strong>&nbsp;informar\u00e1 de esta obligatoriedad al usuario, indic\u00e1ndole qu\u00e9 datos son de necesaria cumplimentaci\u00f3n. Mediante la indicaci\u00f3n, facilitaci\u00f3n o introducci\u00f3n de estos datos y en conformidad con el establecido en lo articulo 6 de la LOPD, el usuario otorga consentimiento inequ\u00edvoco a&nbsp;<strong>SINDICATO DE COMISIONES DE BASE<\/strong>&nbsp;porque proceda al tratamiento de los datos facilitados en pro de las finalidades mencionadas anteriormente.<\/p>\n\n\n\n<p>La entidad responsable de la base de datos, as\u00ed como los que intervengan en cualquier fase del tratamiento y\/o las entidades a quienes los hayan sido comunicadas -si procede y en virtud de la correspondiente autorizaci\u00f3n conferida por el usuario, est\u00e1n obligadas a observar el secreto profesional y a adoptar los niveles de protecci\u00f3n y las medidas t\u00e9cnicas y organizativas necesarias a su alcance que garanticen la seguridad de los datos de car\u00e1cter personal, evitando, dentro de lo posible, accesos no autorizados, modificaciones il\u00edcitas, subtracciones y\/o la p\u00e9rdida de los datos, con objeto de procurar el correspondiente nivel de seguridad a los ficheros de&nbsp;<strong>SINDICATO DE COMISIONES DE BASE<\/strong>, seg\u00fan la naturaleza y sensibilidad de los datos facilitados por los usuarios del presente Sitio web. As\u00ed mismo,&nbsp;<strong>SINDICADO DE COMISIONES DE BASE<\/strong>&nbsp;se compromete a tener implementadas las medidas de seguridad que correspondan en virtud del establecido en el Reglamento de Medidas de (RD 1720\/2007).<\/p>\n\n\n\n<p>Los usuarios tienen reconocida por la indicada Ley Org\u00e1nica de Protecci\u00f3n de Datos los derechos de acceso, rectificaci\u00f3n, cancelaci\u00f3n y oposici\u00f3n y, si procede, el derecho a revocar en cualquier momento el consentimiento prestado a la recepci\u00f3n de comunicaciones comerciales mediante\u00a0 env\u00edo de correo electr\u00f3nico a\u00a0<a href=\"mailto:datos@cobas.es\">datos@cobas.es<\/a>\u00a0o por carta a C\/Moratines n\u00ba22, Esc.1\u00aa 1\u00baB 28005 Madrid.<\/p>\n\n\n\n<h3 class=\"wp-block-heading\">4. ACCESO Y USO DEL SITIO WEB<\/h3>\n\n\n\n<p>Tanto el acceso al Sitio web como el uso no consentido que pueda efectuarse de la informaci\u00f3n contenida en el mismo es de la exclusiva responsabilidad de quien lo realiza.<br>El usuario se compromete a utilizar los contenidos, informaci\u00f3n y datos del Sitio web en conformidad con las presentes condiciones, termas y pol\u00edticas, con la normativa de aplicaci\u00f3n y con las buenas costumbres generalmente aceptadas y el orden p\u00fablico.<\/p>\n\n\n\n<p>El usuario se obliga a abstenerse de utilizar los contenidos del Sitio web con finalidades o efectos il\u00edcitos, prohibidos o contrarios a los aqu\u00ed establecidos, lesivos de los derechos e intereses de&nbsp;<strong>SINDICATO DE COMISIONES DE BASE<\/strong>, de los otros usuarios, de terceros o que de cualquier forma puedan da\u00f1ar, inutilizar, sobrecargar o deteriorar el presente Sitio web o impedir la normal utilizaci\u00f3n o goce del mismo por parte de los usuarios.<\/p>\n\n\n\n<p><strong>SINDICATO DE COMISIONES DE BASE<\/strong>&nbsp;no responder\u00e1 de ninguna consecuencia, da\u00f1o o perjuicio que pudiera derivarse de este acceso o uso o del incumplimiento de las presentes condiciones, termas y pol\u00edticas ni se har\u00e1 responsable de los errores de seguridad que se puedan producir ni de los da\u00f1os que puedan causarse al sistema inform\u00e1tico del usuario (hardware y software) o a los ficheros o documentos almacenados en el mismo como consecuencia de:<\/p>\n\n\n\n<p>(i) La presencia de un virus en el ordenador del usuario que sea utilizado para la conexi\u00f3n a los servicios y\/o productos ofrecidos por&nbsp;<strong>SINDICATO DE COMISIONES DE BASE<\/strong>&nbsp;a trav\u00e9s de su Sitio web.<\/p>\n\n\n\n<p>(ii) Un mal funcionamiento del navegador.<\/p>\n\n\n\n<p>(iii) El uso de versiones no actualizadas del mismo.<\/p>\n\n\n\n<h3 class=\"wp-block-heading\">5. ENLACES A TERCEROS<\/h3>\n\n\n\n<p>En el presente Sitio web se pueden utilizar enlaces con otras p\u00e1ginas o sitios web.&nbsp;<strong>SINDICATO DE COMISIONES DE BASE<\/strong>&nbsp;no se responsabiliza ni del contenido ni de las medidas de seguridad adoptadas por cualquier otra p\u00e1gina o sitio web a trav\u00e9s del c\u00f3mo se tiene acceso desde el presente Sitio web, lugares a los cuales accede el interesado bajo su exclusiva responsabilidad.<br>As\u00ed mismo, tampoco se garantiza la ausencia de virus u otros elementos en los contenidos enlazados desde el Sitio web de&nbsp;<strong>SINDICATO DE COMISIONES DE BASE<\/strong>&nbsp;que puedan producir alteraciones en el sistema inform\u00e1tico (hardware y software) y\/o en los documentos o los ficheros del usuario, excluyendo as\u00ed mismo a&nbsp;<strong>SINDICATO DE COMISIONES DE BASE<\/strong>&nbsp;de toda responsabilidad derivada de los da\u00f1os de cualquier \u00edndole ocasionados por todo el anterior.<\/p>\n\n\n\n<h3 class=\"wp-block-heading\">6. REDES SOCIALES<\/h3>\n\n\n\n<p>Le informamos que&nbsp;<strong>SINDICADO DE COMISIONES DE BASE<\/strong>&nbsp;puede tener presencia en redes sociales. El tratamiento de los datos que se lleve a cabo de las personas que se hagan seguidoras a las redes sociales (y\/o realicen cualquier v\u00ednculo o acci\u00f3n de conexi\u00f3n a trav\u00e9s de las redes sociales) de las p\u00e1ginas oficiales de&nbsp;<strong>SINDICATO DE COMISIONES DE BASE<\/strong>&nbsp;se regir\u00e1 por este apartado, as\u00ed como por aquellas condiciones de uso, pol\u00edticas de privacidad y normativas de acceso que pertenezcan en la red social que proceda en cada caso y aceptadas previamente por el usuario.<\/p>\n\n\n\n<p><strong>SINDICATO DE COMISIONES DE BASE<\/strong>&nbsp;tratar\u00e1 sus datos con las finalidades de administrar correctamente su presencia a la red social, inform\u00e1ndole de actividades productos o servicios de<\/p>\n\n\n\n<p><strong>SINDICATO DE COMISIONES DE BASE<\/strong>, as\u00ed como para cualquier otra finalidad que las normativas de las Redes Sociales permitan.<\/p>\n\n\n\n<h3 class=\"wp-block-heading\">7. MODIFICACI\u00d3N DE LOS T\u00c9RMINOS Y CONDICIONES DE USO, POL\u00cdTICA DE PROTECCI\u00d3N DE DATOS<\/h3>\n\n\n\n<p>El Responsable del Fichero se reserva el derecho a modificar a todo momento y sin previo aviso las presentes condiciones, termas y pol\u00edticas de privacidad para adaptarlas a las novedades legislativas o jurisprudenciales as\u00ed como a las modificaciones o pr\u00e1cticas de la industria, debiendo de el usuario consultar peri\u00f3dicamente las presentes condiciones, termas y pol\u00edticas con objeto de comprobar o cerciorarse de la existencia de cambios en las mismas, tomando como referencia la fecha de la \u00faltima actualizaci\u00f3n.<\/p>\n","protected":false},"excerpt":{"rendered":"<div class=\"mh-excerpt\">1. INFORMACI\u00d3N CORPORATIVA En virtud de las obligaciones establecidas por la Ley 34\/2002, de Servicios de la Sociedad de la Informaci\u00f3n y de Comercio Electr\u00f3nico:El presente sitio web es propiedad de\u00a0SINDICATO DE COMISIONES DE BASE <a class=\"mh-excerpt-more\" href=\"https:\/\/www.sitescobas.es\/indra\/informacion-legal\/\" title=\"INFORMACI\u00d3N LEGAL\">[&#8230;]<\/a><\/div>\n","protected":false},"author":2,"featured_media":0,"parent":0,"menu_order":0,"comment_status":"closed","ping_status":"closed","template":"","meta":{"_kadence_starter_templates_imported_post":false,"footnotes":""},"class_list":["post-72","page","type-page","status-publish"],"_links":{"self":[{"href":"https:\/\/www.sitescobas.es\/indra\/wp-json\/wp\/v2\/pages\/72","targetHints":{"allow":["GET"]}}],"collection":[{"href":"https:\/\/www.sitescobas.es\/indra\/wp-json\/wp\/v2\/pages"}],"about":[{"href":"https:\/\/www.sitescobas.es\/indra\/wp-json\/wp\/v2\/types\/page"}],"author":[{"embeddable":true,"href":"https:\/\/www.sitescobas.es\/indra\/wp-json\/wp\/v2\/users\/2"}],"replies":[{"embeddable":true,"href":"https:\/\/www.sitescobas.es\/indra\/wp-json\/wp\/v2\/comments?post=72"}],"version-history":[{"count":0,"href":"https:\/\/www.sitescobas.es\/indra\/wp-json\/wp\/v2\/pages\/72\/revisions"}],"wp:attachment":[{"href":"https:\/\/www.sitescobas.es\/indra\/wp-json\/wp\/v2\/media?parent=72"}],"curies":[{"name":"wp","href":"https:\/\/api.w.org\/{rel}","templated":true}]}}