{"id":59,"date":"2020-02-25T19:46:54","date_gmt":"2020-02-25T19:46:54","guid":{"rendered":"https:\/\/mujer.cobas.es\/?page_id=59"},"modified":"2020-06-11T12:34:04","modified_gmt":"2020-06-11T12:34:04","slug":"documentacion","status":"publish","type":"page","link":"https:\/\/www.sitescobas.es\/indra\/documentacion\/","title":{"rendered":"DOCUMENTACI\u00d3N LEGAL"},"content":{"rendered":"\n<h4 class=\"wp-block-heading\">ESPECIAL COVID-19<\/h4>\n\n\n\n<ul class=\"wp-block-list\"><li><a href=\"https:\/\/www.boe.es\/diario_boe\/txt.php?id=BOE-A-2020-3824\">Medidas urgentes extraordinarias para hacer frente al impacto econ\u00f3mico y social del COVID-19 (RD-ley 8\/2020, de 17 de marzo)<\/a><\/li><li><a href=\"https:\/\/www.boe.es\/buscar\/act.php?id=BOE-A-2020-4152\">Medidas complementarias laborales para paliar los efectos derivados del COVID-19 (RD-ley 9\/2020, de 27 de marzo)<\/a><\/li><li><a href=\"https:\/\/www.boe.es\/buscar\/act.php?id=BOE-A-2020-4152\">Regulaci\u00f3n permiso retribuido recuperable (RD-ley 10\/2020, de 29 de marzo)<\/a><\/li><li><a href=\"https:\/\/www.boe.es\/buscar\/pdf\/2020\/BOE-A-2020-4196-consolidado.pdf\">Criterios interpretativos RD-ley 10\/2020, de 29 de marzo, y modelo de declaraci\u00f3n de movilidad entre el lugar de residencia y de trabajo (Orden SND\/307\/2020, 30 de marzo)<\/a><\/li><\/ul>\n\n\n\n<h4 class=\"wp-block-heading\">B\u00c1SICO<\/h4>\n\n\n\n<ul class=\"wp-block-list\"><li><a href=\"https:\/\/www.boe.es\/buscar\/act.php?id=BOE-A-1978-31229\">Constituci\u00f3n espa\u00f1ola<\/a><\/li><li><a href=\"https:\/\/www.boe.es\/buscar\/act.php?id=BOE-A-2015-11430\">Estatuto de los Trabajadores (RD Legislativo 2\/2015, de 23 de octubre)<\/a><\/li><li><a href=\"https:\/\/www.boe.es\/buscar\/act.php?id=BOE-A-1985-16660\">Ley org\u00e1nica de libertad sindical (Ley Org. 11\/1985, de 2 de agosto)<\/a><\/li><li><a href=\"https:\/\/www.boe.es\/buscar\/pdf\/2000\/BOE-A-2000-15060-consolidado.pdf\">Ley sobre Infracciones y Sanciones en el Orden Social (LISOS) (RD Legislativo 5\/2000, de 4 de agosto)<\/a><\/li><li><a href=\"https:\/\/www.boe.es\/boe\/dias\/2015\/10\/24\/pdfs\/BOE-A-2015-11431.pdf\">Ley de Empleo (RD Legislativo 3\/2015, de 23 de octubre)<\/a><\/li><li><a href=\"https:\/\/www.boe.es\/buscar\/act.php?id=BOE-A-2015-11724\">Ley General de la Seguridad Social (RD Legislativo 8\/2015, de 30 de octubre)<\/a><\/li><li><a href=\"http:\/\/www.mitramiss.gob.es\/es\/sec_leyes\/index.htm\">Legislaci\u00f3n, \u00d3rdenes y Normativas en el Ministerio de Trabajo<\/a><\/li><li><a href=\"https:\/\/www.boe.es\/buscar\/act.php?id=BOE-A-1995-21346&amp;p=20160730&amp;tn=1#a19\">Jornadas especiales de trabajo (RD 1561\/1995, de 21 de septiembre) &#8211; Trabajo a turnos<\/a> <\/li><\/ul>\n\n\n\n<h4 class=\"wp-block-heading\">CONVENIOS<\/h4>\n\n\n\n<ul class=\"wp-block-list\"><li><a href=\"https:\/\/www.boe.es\/boe\/dias\/2018\/03\/06\/pdfs\/BOE-A-2018-3156.pdf\">XVII Convenio de consultor\u00eda y estudios de mercado y de la opini\u00f3n p\u00fablica (Resoluci\u00f3n de 22 de febrero de 2018)<\/a><\/li><li><a href=\"https:\/\/www.sitescobas.es\/indra\/wp-content\/uploads\/sites\/2\/2020\/05\/BOE-A-2011-16097_XVI_convenio_ingenieria1.pdf\">XVI Convenio colectivo nacional de empresas de ingenier\u00eda y oficinas de estudios t\u00e9cnicos<\/a><\/li><li><a href=\"https:\/\/www.sitescobas.es\/indra\/wp-content\/uploads\/sites\/2\/2020\/05\/ConvenioTES2011.pdf\">Convenio colectivo Tecnocom Espa\u00f1a Solutions, S.L. 2010-2011<\/a><\/li><li><a href=\"https:\/\/www.sitescobas.es\/indra\/wp-content\/uploads\/sites\/2\/2020\/05\/ConvenioTECNOCOM2013-2014CCOO.pdf\">Convenio colectivo Tecnocom (TES, TTE y TSyA) 2013-2014<\/a><\/li><li><a href=\"https:\/\/www.sitescobas.es\/indra\/wp-content\/uploads\/sites\/2\/2020\/05\/Convenio_TGS_AIE2011.pdf\">Convenio colectivo de Tecnocom Gesti\u00f3n y Servicios, AIE 2011<\/a><\/li><li><a href=\"https:\/\/www.sitescobas.es\/indra\/wp-content\/uploads\/sites\/2\/2020\/05\/Convenio_Colectivo_-Sogecable-_2007_2011.pdf\">Convenio colectivo grupo Sogecable 2007-2011<\/a><\/li><li><a href=\"https:\/\/www.sitescobas.es\/indra\/wp-content\/uploads\/sites\/2\/2020\/05\/ConvenioIndustriaServicioseInstalacionesdelMetalMadrid2013-2014.pdf\">Convenio colectivo del Sector de Industria, Servicios e Instalaciones del Metal 2013-2014<\/a><\/li><li><a href=\"https:\/\/www.sitescobas.es\/indra\/wp-content\/uploads\/sites\/2\/2020\/05\/ConvenioIndustriaServicioseInstalacionesdelMetalMadrid2013-2014Revision.pdf\">Convenio colectivo del Sector de Industria, Servicios e Instalaciones del Metal 2013-2014 &#8211; Revisi\u00f3n<\/a><\/li><li><a href=\"https:\/\/www.sitescobas.es\/indra\/wp-content\/uploads\/sites\/2\/2020\/05\/ConvenioIndraSSI1992-1993.pdf\">Convenio colectivo Indra SSI 1992-1993<\/a><\/li><li><a href=\"https:\/\/www.sitescobas.es\/indra\/wp-content\/uploads\/sites\/2\/2020\/05\/ConvenioCentralInformA\u00a1ticaCENINSA1991.pdf\">Convenio colectivo Central Inform\u00e1tica CENINSA 1991<\/a><\/li><li><a href=\"https:\/\/www.sitescobas.es\/indra\/wp-content\/uploads\/sites\/2\/2020\/05\/ConvenioAzertia2001-2007.pdf\">Convenio colectivo AZERTIA 2001-2007<\/a><\/li><li><a href=\"https:\/\/www.sitescobas.es\/indra\/wp-content\/uploads\/sites\/2\/2020\/05\/CondicioneslaboralesSoluziona2006.pdf\">Condiciones laborales SOLUZIONA 2006<\/a><\/li><li><a href=\"https:\/\/www.sitescobas.es\/indra\/wp-content\/uploads\/sites\/2\/2020\/05\/CondicionesLaboralesenIndraSistemasanterioresa2007.pdf\">Condiciones laborales Indra Sistemas anteriores 2007<\/a><\/li><\/ul>\n\n\n\n<h4 class=\"wp-block-heading\">FORMACI\u00d3N<\/h4>\n\n\n\n<ul class=\"wp-block-list\"><li><a href=\"https:\/\/www.boe.es\/boe\/dias\/2015\/09\/10\/pdfs\/BOE-A-2015-9734.pdf\">Regulaci\u00f3n del Sistema de Formaci\u00f3n Profesional para el empleo en el \u00e1mbito laboral (Ley 30\/2015, de 9 de septiembre)<\/a><\/li><li><a href=\"https:\/\/www.boe.es\/boe\/dias\/2017\/07\/05\/pdfs\/BOE-A-2017-7769.pdf\">Desarrollo de la Ley de regulaci\u00f3n el Sistema de Formaci\u00f3n Profesional para el Empleo en el \u00e1mbito laboral (Real Decreto 694\/2017, de 3 de julio)<\/a><\/li><\/ul>\n\n\n\n<h4 class=\"wp-block-heading\">IGUALDAD<\/h4>\n\n\n\n<ul class=\"wp-block-list\"><li><a href=\"https:\/\/www.boe.es\/buscar\/pdf\/2007\/BOE-A-2007-6115-consolidado.pdf\">Ley de Igualdad (Ley Org. 3\/2007, de 22 de marzo)<\/a><\/li><li><a href=\"https:\/\/www.boe.es\/boe\/dias\/2019\/03\/07\/pdfs\/BOE-A-2019-3244.pdf\">Medidas urgentes para garant\u00eda de la igualdad de trato y de oportunidades entre mujeres y hombres (RD-ley 6\/2019, de 1 de marzo)<\/a><\/li><li><a href=\"https:\/\/www.cobas.es\/normativa-en-materia-de-igualdad\/\">M\u00e1s documentaci\u00f3n sobre igualdad<\/a><\/li><\/ul>\n\n\n\n<h4 class=\"wp-block-heading\">INCAPACIDAD TEMPORAL, BAJAS<\/h4>\n\n\n\n<ul class=\"wp-block-list\"><li><a rel=\"noreferrer noopener\" href=\"http:\/\/www.boe.es\/boe\/dias\/2009\/09\/29\/pdfs\/BOE-A-2009-15442.pdf\" target=\"_blank\">Prestaci\u00f3n de incapacidad temporal (RD 1430\/2009 Ley 40\/2007)<\/a><\/li><\/ul>\n\n\n\n<h4 class=\"wp-block-heading\">LGTBI<\/h4>\n\n\n\n<ul class=\"wp-block-list\"><li><a href=\"https:\/\/www.boe.es\/buscar\/pdf\/2016\/BOE-A-2016-11096-consolidado.pdf\">Protecci\u00f3n Integral contra LGTBIfobia y la Discriminaci\u00f3n por Raz\u00f3n de Orientaci\u00f3n e Identidad Sexual en la Comunidad de Madrid (Ley 3\/2016, de 22 de julio)<\/a>  <\/li><\/ul>\n\n\n\n<h4 class=\"wp-block-heading\">PENSIONES<\/h4>\n\n\n\n<ul class=\"wp-block-list\"><li><a href=\"http:\/\/www.seg-social.es\/wps\/portal\/wss\/internet\/Pensionistas\/Pensiones\/33467\">Modalidades\/clase de pensiones<\/a><\/li><\/ul>\n\n\n\n<h4 class=\"wp-block-heading\">REFORMAS LABORALES<\/h4>\n\n\n\n<ul class=\"wp-block-list\"><li><a rel=\"noreferrer noopener\" href=\"http:\/\/boe.es\/boe\/dias\/2010\/09\/18\/pdfs\/BOE-A-2010-14301.pdf\" target=\"_blank\">Medidas urgentes para la reforma del mercado de trabajo (Ley 35\/2010)<\/a><\/li><li><a href=\"https:\/\/www.boe.es\/boe\/dias\/2012\/02\/11\/pdfs\/BOE-A-2012-2076.pdf\">Reforma del mercado laboral 2012 (RD-ley 3\/2012, de 10 de febrero)<\/a><\/li><\/ul>\n\n\n\n<h4 class=\"wp-block-heading\">SALARIO<\/h4>\n\n\n\n<ul class=\"wp-block-list\"><li><a href=\"https:\/\/www.boe.es\/buscar\/pdf\/2018\/BOE-A-2018-17773-consolidado.pdf\">Salario m\u00ednimo interprofesional para 2019 (RD 1462\/2018, de 21 de diciembre)<\/a><\/li><li><a rel=\"noreferrer noopener\" href=\"http:\/\/www.boe.es\/boe\/dias\/2004\/06\/26\/pdfs\/A23466-23472.pdf\" target=\"_blank\">Regulaci\u00f3n del salario m\u00ednimo interprofesional (RD 3\/2004)<\/a><\/li><\/ul>\n\n\n\n<h4 class=\"wp-block-heading\">SALUD LABORAL<\/h4>\n\n\n\n<ul class=\"wp-block-list\"><li><a href=\"https:\/\/www.boe.es\/buscar\/act.php?id=BOE-A-1995-24292&amp;p=20141229&amp;tn=2\">Ley de Prevenci\u00f3n de&nbsp;Riesgos Laborales (Ley 31\/1995, de 8 de noviembre)<\/a><\/li><li><a href=\"https:\/\/www.boe.es\/buscar\/act.php?id=BOE-A-1997-1853&amp;p=20151010&amp;tn=2\">Reglamento de los Servicios de Prevenci\u00f3n (RD 39\/1997, de 17 de enero)<\/a><\/li><li><a href=\"https:\/\/www.boe.es\/buscar\/act.php?id=BOE-A-2010-14843&amp;p=20151030&amp;tn=2\">Acreditaci\u00f3n servicios de prevenci\u00f3n (Orden TIN\/2504\/2010, de 20 de septiembre)<\/a><\/li><li><a href=\"https:\/\/www.boe.es\/buscar\/act.php?id=BOE-A-2011-11428&amp;p=20151010&amp;tn=2\">Actividad sanitaria de los servicios de prevenci\u00f3n (RD 843\/2011, de 17 de junio)<\/a><\/li><li><a rel=\"noreferrer noopener\" href=\"https:\/\/www.insst.es\/-\/limites-de-exposicion-profesional-para-agentes-quimicos-2019?inheritRedirect=true&amp;redirect=%2Fnormativa\" target=\"_blank\">L\u00edmites de exposici\u00f3n profesional para agentes qu\u00edmicos (2019)<\/a><\/li><\/ul>\n\n\n\n<h4 class=\"wp-block-heading\">SEGURIDAD SOCIAL<\/h4>\n\n\n\n<ul class=\"wp-block-list\"><li><a href=\"https:\/\/www.boe.es\/buscar\/act.php?id=BOE-A-2015-11724\">Ley General de la Seguridad Social (RD Legislativo 8\/2015, de 30 de octubre)<\/a><\/li><li><a href=\"https:\/\/www.boe.es\/buscar\/doc.php?id=BOE-A-2007-20910\">Medidas en materia de Seguridad Social (Ley 40\/2007, de 4 de diciembre)<\/a><\/li><li><a href=\"https:\/\/www.boe.es\/buscar\/act.php?id=BOE-A-2000-544\">Derechos y libertades de los extranjeros en Espa\u00f1a y su integraci\u00f3n social (Ley Org. 4\/2000, de 11 de enero)<\/a><\/li><\/ul>\n\n\n\n<h4 class=\"wp-block-heading\">VIOLENCIA DE G\u00c9NERO<\/h4>\n\n\n\n<ul class=\"wp-block-list\"><li><a href=\"https:\/\/www.boe.es\/buscar\/pdf\/2004\/BOE-A-2004-21760-consolidado.pdf\">Medidas de Protecci\u00f3n Integral contra la Violencia de G\u00e9nero (Ley Org. 1\/2004, de 28 de diciembre)<\/a><\/li><li><a href=\"http:\/\/www.violenciagenero.igualdad.gob.es\/pactoEstado\/home.htm\">Pacto de estado contra la violencia de g\u00e9nero<\/a><\/li><li><a href=\"https:\/\/www.boe.es\/boe\/dias\/2014\/06\/06\/pdfs\/BOE-A-2014-5947.pdf\">Tratado de Estambul (BOE viernes 6 de junio de 2014)<\/a><\/li><\/ul>\n\n\n\n<h4 class=\"wp-block-heading\">OTROS<\/h4>\n\n\n\n<ul class=\"wp-block-list\"><li><a href=\"https:\/\/www.boe.es\/buscar\/pdf\/2015\/BOE-A-2015-11719-consolidado.pdf\">Estatuto B\u00e1sico del Empleado P\u00fablico (RD Legislativo 5\/2015, de 30 de octubre)<\/a><\/li><\/ul>\n","protected":false},"excerpt":{"rendered":"<div class=\"mh-excerpt\">ESPECIAL COVID-19 Medidas urgentes extraordinarias para hacer frente al impacto econ\u00f3mico y social del COVID-19 (RD-ley 8\/2020, de 17 de marzo) Medidas complementarias laborales para paliar los efectos derivados del COVID-19 (RD-ley 9\/2020, de 27 <a class=\"mh-excerpt-more\" href=\"https:\/\/www.sitescobas.es\/indra\/documentacion\/\" title=\"DOCUMENTACI\u00d3N LEGAL\">[&#8230;]<\/a><\/div>\n","protected":false},"author":2,"featured_media":0,"parent":0,"menu_order":0,"comment_status":"closed","ping_status":"closed","template":"","meta":{"_kadence_starter_templates_imported_post":false,"footnotes":""},"class_list":["post-59","page","type-page","status-publish"],"_links":{"self":[{"href":"https:\/\/www.sitescobas.es\/indra\/wp-json\/wp\/v2\/pages\/59","targetHints":{"allow":["GET"]}}],"collection":[{"href":"https:\/\/www.sitescobas.es\/indra\/wp-json\/wp\/v2\/pages"}],"about":[{"href":"https:\/\/www.sitescobas.es\/indra\/wp-json\/wp\/v2\/types\/page"}],"author":[{"embeddable":true,"href":"https:\/\/www.sitescobas.es\/indra\/wp-json\/wp\/v2\/users\/2"}],"replies":[{"embeddable":true,"href":"https:\/\/www.sitescobas.es\/indra\/wp-json\/wp\/v2\/comments?post=59"}],"version-history":[{"count":8,"href":"https:\/\/www.sitescobas.es\/indra\/wp-json\/wp\/v2\/pages\/59\/revisions"}],"predecessor-version":[{"id":2707,"href":"https:\/\/www.sitescobas.es\/indra\/wp-json\/wp\/v2\/pages\/59\/revisions\/2707"}],"wp:attachment":[{"href":"https:\/\/www.sitescobas.es\/indra\/wp-json\/wp\/v2\/media?parent=59"}],"curies":[{"name":"wp","href":"https:\/\/api.w.org\/{rel}","templated":true}]}}