{"id":124,"date":"2020-05-08T09:23:48","date_gmt":"2020-05-08T09:23:48","guid":{"rendered":"http:\/\/www.sitescobas.es\/capgemini\/?page_id=124"},"modified":"2020-06-01T07:12:56","modified_gmt":"2020-06-01T07:12:56","slug":"informes","status":"publish","type":"page","link":"https:\/\/www.sitescobas.es\/indra\/informes\/","title":{"rendered":"INFORMES"},"content":{"rendered":"\n<h4 class=\"wp-block-heading\">BARCELONA<\/h4>\n\n\n\n<ul class=\"wp-block-list\"><li><a href=\"https:\/\/www.sitescobas.es\/indra\/wp-content\/uploads\/sites\/2\/2020\/06\/20200528-Informe-del-comite-sobre-el-traslado-a-Sant-Joan-Despi.pdf\">2020-05-28 Informe del comit\u00e9 del centro de trabajo de Roc Boronat 22@ y calle Badajoz de Indra Soluciones Tecnolog\u00edas de la Informaci\u00f3n, sobre el traslado de trabajadores al centro de trabajo de Sant Joan Despi.<\/a><\/li><\/ul>\n","protected":false},"excerpt":{"rendered":"<div class=\"mh-excerpt\">BARCELONA 2020-05-28 Informe del comit\u00e9 del centro de trabajo de Roc Boronat 22@ y calle Badajoz de Indra Soluciones Tecnolog\u00edas de la Informaci\u00f3n, sobre el traslado de trabajadores al centro de trabajo de Sant Joan <a class=\"mh-excerpt-more\" href=\"https:\/\/www.sitescobas.es\/indra\/informes\/\" title=\"INFORMES\">[&#8230;]<\/a><\/div>\n","protected":false},"author":2,"featured_media":0,"parent":0,"menu_order":0,"comment_status":"closed","ping_status":"closed","template":"","meta":{"_kadence_starter_templates_imported_post":false,"footnotes":""},"class_list":["post-124","page","type-page","status-publish"],"_links":{"self":[{"href":"https:\/\/www.sitescobas.es\/indra\/wp-json\/wp\/v2\/pages\/124","targetHints":{"allow":["GET"]}}],"collection":[{"href":"https:\/\/www.sitescobas.es\/indra\/wp-json\/wp\/v2\/pages"}],"about":[{"href":"https:\/\/www.sitescobas.es\/indra\/wp-json\/wp\/v2\/types\/page"}],"author":[{"embeddable":true,"href":"https:\/\/www.sitescobas.es\/indra\/wp-json\/wp\/v2\/users\/2"}],"replies":[{"embeddable":true,"href":"https:\/\/www.sitescobas.es\/indra\/wp-json\/wp\/v2\/comments?post=124"}],"version-history":[{"count":1,"href":"https:\/\/www.sitescobas.es\/indra\/wp-json\/wp\/v2\/pages\/124\/revisions"}],"predecessor-version":[{"id":2615,"href":"https:\/\/www.sitescobas.es\/indra\/wp-json\/wp\/v2\/pages\/124\/revisions\/2615"}],"wp:attachment":[{"href":"https:\/\/www.sitescobas.es\/indra\/wp-json\/wp\/v2\/media?parent=124"}],"curies":[{"name":"wp","href":"https:\/\/api.w.org\/{rel}","templated":true}]}}