{"id":15,"date":"2023-04-23T20:28:26","date_gmt":"2023-04-23T20:28:26","guid":{"rendered":"https:\/\/www.sitescobas.es\/eviden\/?page_id=15"},"modified":"2023-04-23T20:28:27","modified_gmt":"2023-04-23T20:28:27","slug":"afiliate","status":"publish","type":"page","link":"https:\/\/www.sitescobas.es\/eviden\/afiliate\/","title":{"rendered":"AF\u00cdLIATE"},"content":{"rendered":"\n<p>En&nbsp;<em><strong><mark style=\"background-color:rgba(0, 0, 0, 0);color:#ff0000\" class=\"has-inline-color\">co.bas<\/mark><\/strong><\/em>&nbsp;los afiliados y afiliadas participan y deciden, y son el \u00fanico sost\u00e9n financiero garantizando as\u00ed la independencia del sindicato.<\/p>\n\n\n\n<p>Si quieres afiliarte y no conoces a ning\u00fan delegado o delegada de&nbsp;<em><strong><span style=\"color:#ff0000\" class=\"has-inline-color\">co.bas<\/span><\/strong><\/em>, ac\u00e9rcate a <a href=\"https:\/\/www.cobas.es\/donde-estamos\/\">la&nbsp;sede m\u00e1s cercana del sindicato<\/a> all\u00ed rellenar\u00e1s la hoja de afiliaci\u00f3n y te informaremos de tus derechos como afiliada o afiliado.<\/p>\n\n\n\n<p>La&nbsp;cuota de afiliaci\u00f3n mensual depende de tus ingresos:<\/p>\n\n\n\n<figure class=\"wp-block-table\"><table><tbody><tr><td class=\"has-text-align-center\" data-align=\"center\"><strong>SUELDO MENSUAL<\/strong><\/td><td class=\"has-text-align-center\" data-align=\"center\"><strong>CUOTA DE AFILIACI\u00d3N<\/strong><\/td><\/tr><tr><td class=\"has-text-align-center\" data-align=\"center\">&lt; 400 \u20ac<\/td><td class=\"has-text-align-center\" data-align=\"center\">5 \u20ac<\/td><\/tr><tr><td class=\"has-text-align-center\" data-align=\"center\">&gt; 401 \u20ac y &lt; 600 \u20ac<\/td><td class=\"has-text-align-center\" data-align=\"center\">7 \u20ac<\/td><\/tr><tr><td class=\"has-text-align-center\" data-align=\"center\">&gt; 601 \u20ac<\/td><td class=\"has-text-align-center\" data-align=\"center\">10 \u20ac<\/td><\/tr><\/tbody><\/table><\/figure>\n\n\n\n<p><a href=\"https:\/\/www.sitescobas.es\/eviden\/wp-content\/uploads\/sites\/8\/2023\/04\/Ficha-afiliacion.pdf\">Puedes bajarte la hoja de afiliaci\u00f3n en formato pdf aqu\u00ed<\/a>.<\/p>\n\n\n\n<p><\/p>\n\n\n\n<p>La afiliaci\u00f3n te garantiza el asesoramiento y la defensa jur\u00eddica laboral que necesites.&nbsp;Los afiliados y afiliadas adem\u00e1s, participan directamente en las decisiones del sindicato y son el \u00fanico sost\u00e9n financiero para garantizar as\u00ed realmente nuestra independencia.<\/p>\n\n\n\n<p><strong>Recuerda:<\/strong>&nbsp;la cuota de afiliaci\u00f3n sindical de&nbsp;<em><strong><span style=\"color:#ff0000\" class=\"has-inline-color\">co.bas<\/span><\/strong><\/em>&nbsp;puedes deducirla cuando realices tu declaraci\u00f3n anual de la renta, tal y como lo establece la ley del&nbsp;<strong>IRPF<\/strong>. La deducci\u00f3n puede suponer un ahorro en la cuota de entre el 20 y el 35% seg\u00fan los casos.<\/p>\n\n\n\n<p>Este importe no aparece en el borrador de Hacienda&nbsp;en cumplimiento de la Ley de protecci\u00f3n de datos. Sin embargo, puedes deducir las cantidades que has pagado en concepto de cuotas por tu afiliaci\u00f3n a&nbsp;<em><strong><span style=\"color:#ff0000\" class=\"has-inline-color\">co.bas<\/span><\/strong><\/em>. Los justificantes son los mismos recibos bancarios o de n\u00f3mina que ya tienes.<\/p>\n\n\n\n<p>No necesitas un certificado, pero en caso de que lo necesites, puedes <a href=\"mailto:madrid@cobas.es\">solicit\u00e1rnoslo<\/a>.\u00a0La cantidad a deducir hay que ponerla en el espacio reservado a\u00a0<em>\u00abCuotas satisfechas a sindicatos\u00bb<\/em>\u00a0[casilla 014] del impreso oficial (digital o en papel) del IRPF.<\/p>\n","protected":false},"excerpt":{"rendered":"<div class=\"mh-excerpt\">En&nbsp;co.bas&nbsp;los afiliados y afiliadas participan y deciden, y son el \u00fanico sost\u00e9n financiero garantizando as\u00ed la independencia del sindicato. Si quieres afiliarte y no conoces a ning\u00fan delegado o delegada de&nbsp;co.bas, ac\u00e9rcate a la&nbsp;sede m\u00e1s <a class=\"mh-excerpt-more\" href=\"https:\/\/www.sitescobas.es\/eviden\/afiliate\/\" title=\"AF\u00cdLIATE\">[&#8230;]<\/a><\/div>\n","protected":false},"author":1,"featured_media":0,"parent":0,"menu_order":0,"comment_status":"closed","ping_status":"closed","template":"","meta":{"_kadence_starter_templates_imported_post":false,"footnotes":""},"class_list":["post-15","page","type-page","status-publish"],"_links":{"self":[{"href":"https:\/\/www.sitescobas.es\/eviden\/wp-json\/wp\/v2\/pages\/15","targetHints":{"allow":["GET"]}}],"collection":[{"href":"https:\/\/www.sitescobas.es\/eviden\/wp-json\/wp\/v2\/pages"}],"about":[{"href":"https:\/\/www.sitescobas.es\/eviden\/wp-json\/wp\/v2\/types\/page"}],"author":[{"embeddable":true,"href":"https:\/\/www.sitescobas.es\/eviden\/wp-json\/wp\/v2\/users\/1"}],"replies":[{"embeddable":true,"href":"https:\/\/www.sitescobas.es\/eviden\/wp-json\/wp\/v2\/comments?post=15"}],"version-history":[{"count":1,"href":"https:\/\/www.sitescobas.es\/eviden\/wp-json\/wp\/v2\/pages\/15\/revisions"}],"predecessor-version":[{"id":17,"href":"https:\/\/www.sitescobas.es\/eviden\/wp-json\/wp\/v2\/pages\/15\/revisions\/17"}],"wp:attachment":[{"href":"https:\/\/www.sitescobas.es\/eviden\/wp-json\/wp\/v2\/media?parent=15"}],"curies":[{"name":"wp","href":"https:\/\/api.w.org\/{rel}","templated":true}]}}