{"id":76,"date":"2020-02-26T10:32:44","date_gmt":"2020-02-26T10:32:44","guid":{"rendered":"https:\/\/mujer.cobas.es\/?page_id=76"},"modified":"2020-02-26T10:32:44","modified_gmt":"2020-02-26T10:32:44","slug":"politica-de-privacidad","status":"publish","type":"page","link":"https:\/\/www.sitescobas.es\/capgemini\/politica-de-privacidad\/","title":{"rendered":"POL\u00cdTICA DE PRIVACIDAD"},"content":{"rendered":"\n<h3 class=\"wp-block-heading\">\u00bfQUI\u00c9NES SOMOS?<\/h3>\n\n\n\n<p><strong><em>co.bas&nbsp;<\/em><\/strong>es un sindicato de clase, asambleario, participativo, sin subvenciones estatales por lo que tiene independencia econ\u00f3mica de los poderes p\u00fablicos y privados, donde son los trabajadores y las trabajadoras quienes toman las decisiones y no una \u201cc\u00fapula\u201d sindical.<\/p>\n\n\n\n<p>La direcci\u00f3n de nuestra web es: https:\/\/www.cobas.es.<\/p>\n\n\n\n<h3 class=\"wp-block-heading\">\u00bfQU\u00c9 DATOS PERSONALES QUE RECOGEMOS Y PORQU\u00c9 LOS RECOGEMOS?<\/h3>\n\n\n\n<h3 class=\"wp-block-heading\">Comentarios<\/h3>\n\n\n\n<p>Cuando los visitantes dejan comentarios en la web, recopilamos los datos que se muestran en el formulario de comentarios, as\u00ed como la direcci\u00f3n IP del visitante y la cadena de agentes de usuario del navegador para ayudar a la detecci\u00f3n de spam.<\/p>\n\n\n\n<p>Una cadena an\u00f3nima creada a partir de tu direcci\u00f3n de correo electr\u00f3nico (tambi\u00e9n llamada hash) puede ser proporcionada al servicio de Gravatar para ver si la est\u00e1s usando. La pol\u00edtica de privacidad del servicio Gravatar est\u00e1 disponible aqu\u00ed: https:\/\/automattic.com\/privacy\/. Despu\u00e9s de la aprobaci\u00f3n de tu comentario, la imagen de tu perfil es visible para el p\u00fablico en el contexto de su comentario.<\/p>\n\n\n\n<h3 class=\"wp-block-heading\">Medios<\/h3>\n\n\n\n<p>Si subes im\u00e1genes a la web deber\u00edas evitar subir im\u00e1genes con datos de ubicaci\u00f3n (GPS EXIF) incluidos. Los visitantes de la web pueden descargar y extraer cualquier dato de localizaci\u00f3n de las im\u00e1genes de la web.<\/p>\n\n\n\n<h3 class=\"wp-block-heading\">Formularios de contacto<\/h3>\n\n\n\n<p>En cumplimiento de lo que dispone la normativa vigente en materia de protecci\u00f3n de datos personales, el Reglamento (UE) 2016\/679 de 27 de abril de 2016 (RGPD), la Ley Org\u00e1nica 15\/1999 de 13 de diciembre (LOPD) y el Real Decreto 1720\/2007 de desarrollo de la LOPD, le informamos que los datos personales aportados en los formulario ser\u00e1n tratados por el SINDICATO DE COMISIONES DE BASE con la finalidad de prestarle los servicios solicitados.<\/p>\n\n\n\n<p>Estos datos se conservar\u00e1n mientras dure la finalidad para la que se han obtenido y siempre que no ejerza ning\u00fan derecho de los que lo amparan. No se comunicar\u00e1n a terceros, excepto por obligaci\u00f3n legal, ni tampoco se realizar\u00e1 ninguna transferencia internacional de datos sin su consentimiento previo. Una vez sus datos ya no sean necesarios, se suprimir\u00e1n con las medidas de seguridad adecuadas.<\/p>\n\n\n\n<p>As\u00ed mismo, le informamos que tiene derecho a solicitar el acceso, rectificaci\u00f3n, portabilidad y supresi\u00f3n de sus datos y la limitaci\u00f3n y oposici\u00f3n a su tratamiento dirigi\u00e9ndose a SINDICATO DE COMISIONES DE BASE, con domicilio a c. PAU CLARIS 87,1\u00ba 2\u00aa. (08010 BARCELONA) o enviando un correo electr\u00f3nico a datos@cobas.org, junto con una fotocopia de su DNI o documento an\u00e1logo en derecho, indicando el tipo de derecho que quiere ejercer. Tiene igualmente derecho a retirar el consentimiento prestado en cualquier momento. La retirada del consentimiento no afectar\u00e1 a la licitud del tratamiento efectuado antes de la retirada del mismo. Tambi\u00e9n tiene derecho a presentar una reclamaci\u00f3n, si considera que el tratamiento de datos personales no se ajusta a la normativa vigente, ante la Autoridad de control (www.agpd.es).<\/p>\n\n\n\n<p>Con la firma del documento, el firmante se considera informado y otorga su consentimiento para el tratamiento mencionado.<\/p>\n\n\n\n<h3 class=\"wp-block-heading\">Cookies<\/h3>\n\n\n\n<p>Si dejas un comentario en nuestro sitio puedes elegir guardar tu nombre, direcci\u00f3n de correo electr\u00f3nico y web en cookies. Esto es para tu comodidad, para que no tengas que volver a rellenar tus datos cuando dejes otro comentario. Estas cookies tendr\u00e1n una duraci\u00f3n de un a\u00f1o.<\/p>\n\n\n\n<p>Si tienes una cuenta y te conectas a este sitio, instalaremos una cookie temporal para determinar si tu navegador acepta cookies. Esta cookie no contiene datos personales y se elimina al cerrar el navegador.<\/p>\n\n\n\n<p>Cuando inicias sesi\u00f3n, tambi\u00e9n instalaremos varias cookies para guardar tu informaci\u00f3n de inicio de sesi\u00f3n y tus opciones de visualizaci\u00f3n de pantalla. Las cookies de inicio de sesi\u00f3n duran dos d\u00edas, y las cookies de opciones de pantalla duran un a\u00f1o. Si seleccionas \u00abRecordarme\u00bb, tu inicio de sesi\u00f3n perdurar\u00e1 durante dos semanas. Si sales de tu cuenta, las cookies de inicio de sesi\u00f3n se eliminar\u00e1n.<\/p>\n\n\n\n<p>Si editas o publicas un art\u00edculo se guardar\u00e1 una cookie adicional en tu navegador. Esta cookie no incluye datos personales y simplemente indica el ID del art\u00edculo que acabas de editar. Caduca despu\u00e9s de 1 d\u00eda.<\/p>\n\n\n\n<h3 class=\"wp-block-heading\">Contenido incrustado de otros sitios web<\/h3>\n\n\n\n<p>Los art\u00edculos de este sitio pueden incluir contenido incrustado (por ejemplo, v\u00eddeos, im\u00e1genes, art\u00edculos, etc.). El contenido incrustado de otras web se comporta exactamente de la misma manera que si el visitante hubiera visitado la otra web.<\/p>\n\n\n\n<p>Estas web pueden recopilar datos sobre ti, utilizar cookies, incrustar un seguimiento adicional de terceros, y supervisar tu interacci\u00f3n con ese contenido incrustado, incluido el seguimiento de su interacci\u00f3n con el contenido incrustado si tienes una cuenta y est\u00e1s conectado a esa web.<\/p>\n\n\n\n<h3 class=\"wp-block-heading\">\u00bfCUANTO TIEMPO CONSERVAMOS TUS DATOS?<\/h3>\n\n\n\n<p>Si dejas un comentario, el comentario y sus metadatos se conservan indefinidamente. Esto es para que podamos reconocer y aprobar comentarios sucesivos autom\u00e1ticamente en lugar de mantenerlos en una cola de moderaci\u00f3n.<\/p>\n\n\n\n<p>De los usuarios que se registran en nuestra web (si los hay), tambi\u00e9n almacenamos la informaci\u00f3n personal que proporcionan en su perfil de usuario. Todos los usuarios pueden ver, editar o eliminar su informaci\u00f3n personal en cualquier momento (excepto que no pueden cambiar su nombre de usuario). Los administradores de la web tambi\u00e9n pueden ver y editar esa informaci\u00f3n.<\/p>\n\n\n\n<h3 class=\"wp-block-heading\">\u00bfQUE DERECHOS TIENES SOBRE TUS DATOS?<\/h3>\n\n\n\n<p>Si tienes una cuenta o has dejado comentarios en esta web, puedes solicitar recibir un archivo de exportaci\u00f3n de los datos personales que tenemos sobre ti, incluyendo cualquier dato que nos hayas proporcionado. Tambi\u00e9n puedes solicitar que eliminemos cualquier dato personal que tengamos sobre ti. Esto no incluye ning\u00fan dato que estemos obligados a conservar con fines administrativos, legales o de seguridad.<\/p>\n\n\n\n<h3 class=\"wp-block-heading\">\u00bfD\u00d3NDE ENVIAMOS TUS DATOS?<\/h3>\n\n\n\n<p>Los comentarios de los visitantes puede que los revise un servicio de detecci\u00f3n autom\u00e1tica de spam.<\/p>\n","protected":false},"excerpt":{"rendered":"<div class=\"mh-excerpt\">\u00bfQUI\u00c9NES SOMOS? co.bas&nbsp;es un sindicato de clase, asambleario, participativo, sin subvenciones estatales por lo que tiene independencia econ\u00f3mica de los poderes p\u00fablicos y privados, donde son los trabajadores y las trabajadoras quienes toman las decisiones <a class=\"mh-excerpt-more\" href=\"https:\/\/www.sitescobas.es\/capgemini\/politica-de-privacidad\/\" title=\"POL\u00cdTICA DE PRIVACIDAD\">[&#8230;]<\/a><\/div>\n","protected":false},"author":3,"featured_media":0,"parent":0,"menu_order":0,"comment_status":"closed","ping_status":"closed","template":"","meta":{"_kadence_starter_templates_imported_post":false,"footnotes":""},"class_list":["post-76","page","type-page","status-publish"],"_links":{"self":[{"href":"https:\/\/www.sitescobas.es\/capgemini\/wp-json\/wp\/v2\/pages\/76","targetHints":{"allow":["GET"]}}],"collection":[{"href":"https:\/\/www.sitescobas.es\/capgemini\/wp-json\/wp\/v2\/pages"}],"about":[{"href":"https:\/\/www.sitescobas.es\/capgemini\/wp-json\/wp\/v2\/types\/page"}],"author":[{"embeddable":true,"href":"https:\/\/www.sitescobas.es\/capgemini\/wp-json\/wp\/v2\/users\/3"}],"replies":[{"embeddable":true,"href":"https:\/\/www.sitescobas.es\/capgemini\/wp-json\/wp\/v2\/comments?post=76"}],"version-history":[{"count":0,"href":"https:\/\/www.sitescobas.es\/capgemini\/wp-json\/wp\/v2\/pages\/76\/revisions"}],"wp:attachment":[{"href":"https:\/\/www.sitescobas.es\/capgemini\/wp-json\/wp\/v2\/media?parent=76"}],"curies":[{"name":"wp","href":"https:\/\/api.w.org\/{rel}","templated":true}]}}