{"id":126,"date":"2020-05-08T09:24:58","date_gmt":"2020-05-08T09:24:58","guid":{"rendered":"http:\/\/www.sitescobas.es\/capgemini\/?page_id=126"},"modified":"2026-02-19T11:18:17","modified_gmt":"2026-02-19T11:18:17","slug":"documentacion-de-la-empresa","status":"publish","type":"page","link":"https:\/\/www.sitescobas.es\/capgemini\/documentacion-de-la-empresa\/","title":{"rendered":"ACUERDOS"},"content":{"rendered":"<style>.kt-accordion-id126_aa67a5-11 .kt-accordion-inner-wrap{column-gap:var(--global-kb-gap-md, 2rem);row-gap:10px;}.kt-accordion-id126_aa67a5-11 .kt-accordion-panel-inner{border-top:0px solid transparent;border-right:1px solid transparent;border-bottom:1px solid transparent;border-left:1px solid transparent;background:#ffffff;padding-top:var(--global-kb-spacing-sm, 1.5rem);padding-right:var(--global-kb-spacing-sm, 1.5rem);padding-bottom:var(--global-kb-spacing-sm, 1.5rem);padding-left:var(--global-kb-spacing-sm, 1.5rem);}.kt-accordion-id126_aa67a5-11 > .kt-accordion-inner-wrap > .wp-block-kadence-pane > .kt-accordion-header-wrap > .kt-blocks-accordion-header{border-top:1px solid #eeeeee;border-right:1px solid #eeeeee;border-bottom:1px solid #eeeeee;border-left:2px solid #eeeeee;border-top-left-radius:0px;border-top-right-radius:0px;border-bottom-right-radius:0px;border-bottom-left-radius:0px;background:#ffffff;font-size:var(--global-kb-font-size-md, 1.25rem);font-weight:400;color:#000000;padding-top:14px;padding-right:16px;padding-bottom:14px;padding-left:16px;}.kt-accordion-id126_aa67a5-11:not( .kt-accodion-icon-style-basiccircle ):not( .kt-accodion-icon-style-xclosecircle ):not( .kt-accodion-icon-style-arrowcircle )  > .kt-accordion-inner-wrap > .wp-block-kadence-pane > .kt-accordion-header-wrap .kt-blocks-accordion-icon-trigger:after, .kt-accordion-id126_aa67a5-11:not( .kt-accodion-icon-style-basiccircle ):not( .kt-accodion-icon-style-xclosecircle ):not( .kt-accodion-icon-style-arrowcircle )  > .kt-accordion-inner-wrap > .wp-block-kadence-pane > .kt-accordion-header-wrap .kt-blocks-accordion-icon-trigger:before{background:#0693e3;}.kt-accordion-id126_aa67a5-11:not( .kt-accodion-icon-style-basic ):not( .kt-accodion-icon-style-xclose ):not( .kt-accodion-icon-style-arrow ) .kt-blocks-accordion-icon-trigger{background:#0693e3;}.kt-accordion-id126_aa67a5-11:not( .kt-accodion-icon-style-basic ):not( .kt-accodion-icon-style-xclose ):not( .kt-accodion-icon-style-arrow ) .kt-blocks-accordion-icon-trigger:after, .kt-accordion-id126_aa67a5-11:not( .kt-accodion-icon-style-basic ):not( .kt-accodion-icon-style-xclose ):not( .kt-accodion-icon-style-arrow ) .kt-blocks-accordion-icon-trigger:before{background:#ffffff;}.kt-accordion-id126_aa67a5-11 > .kt-accordion-inner-wrap > .wp-block-kadence-pane > .kt-accordion-header-wrap > .kt-blocks-accordion-header:hover, \n\t\t\t\tbody:not(.hide-focus-outline) .kt-accordion-id126_aa67a5-11 .kt-blocks-accordion-header:focus-visible{color:#127cb8;background:#ffffff;border-top-color:#d4d4d4;border-top-style:solid;border-right-color:#d4d4d4;border-right-style:solid;border-bottom-color:#d4d4d4;border-bottom-style:solid;border-left-color:#d4d4d4;border-left-style:solid;}.kt-accordion-id126_aa67a5-11:not( .kt-accodion-icon-style-basiccircle ):not( .kt-accodion-icon-style-xclosecircle ):not( .kt-accodion-icon-style-arrowcircle ) .kt-accordion-header-wrap .kt-blocks-accordion-header:hover .kt-blocks-accordion-icon-trigger:after, .kt-accordion-id126_aa67a5-11:not( .kt-accodion-icon-style-basiccircle ):not( .kt-accodion-icon-style-xclosecircle ):not( .kt-accodion-icon-style-arrowcircle ) .kt-accordion-header-wrap .kt-blocks-accordion-header:hover .kt-blocks-accordion-icon-trigger:before, body:not(.hide-focus-outline) .kt-accordion-id126_aa67a5-11:not( .kt-accodion-icon-style-basiccircle ):not( .kt-accodion-icon-style-xclosecircle ):not( .kt-accodion-icon-style-arrowcircle ) .kt-blocks-accordion--visible .kt-blocks-accordion-icon-trigger:after, body:not(.hide-focus-outline) .kt-accordion-id126_aa67a5-11:not( .kt-accodion-icon-style-basiccircle ):not( .kt-accodion-icon-style-xclosecircle ):not( .kt-accodion-icon-style-arrowcircle ) .kt-blocks-accordion-header:focus-visible .kt-blocks-accordion-icon-trigger:before{background:#127cb8;}.kt-accordion-id126_aa67a5-11:not( .kt-accodion-icon-style-basic ):not( .kt-accodion-icon-style-xclose ):not( .kt-accodion-icon-style-arrow ) .kt-accordion-header-wrap .kt-blocks-accordion-header:hover .kt-blocks-accordion-icon-trigger, body:not(.hide-focus-outline) .kt-accordion-id126_aa67a5-11:not( .kt-accodion-icon-style-basic ):not( .kt-accodion-icon-style-xclose ):not( .kt-accodion-icon-style-arrow ) .kt-accordion-header-wrap .kt-blocks-accordion-header:focus-visible .kt-blocks-accordion-icon-trigger{background:#127cb8;}.kt-accordion-id126_aa67a5-11:not( .kt-accodion-icon-style-basic ):not( .kt-accodion-icon-style-xclose ):not( .kt-accodion-icon-style-arrow ) .kt-accordion-header-wrap .kt-blocks-accordion-header:hover .kt-blocks-accordion-icon-trigger:after, .kt-accordion-id126_aa67a5-11:not( .kt-accodion-icon-style-basic ):not( .kt-accodion-icon-style-xclose ):not( .kt-accodion-icon-style-arrow ) .kt-accordion-header-wrap .kt-blocks-accordion-header:hover .kt-blocks-accordion-icon-trigger:before, body:not(.hide-focus-outline) .kt-accordion-id126_aa67a5-11:not( .kt-accodion-icon-style-basic ):not( .kt-accodion-icon-style-xclose ):not( .kt-accodion-icon-style-arrow ) .kt-accordion-header-wrap .kt-blocks-accordion-header:focus-visible .kt-blocks-accordion-icon-trigger:after, body:not(.hide-focus-outline) .kt-accordion-id126_aa67a5-11:not( .kt-accodion-icon-style-basic ):not( .kt-accodion-icon-style-xclose ):not( .kt-accodion-icon-style-arrow ) .kt-accordion-header-wrap .kt-blocks-accordion-header:focus-visible .kt-blocks-accordion-icon-trigger:before{background:#ffffff;}.kt-accordion-id126_aa67a5-11 .kt-accordion-header-wrap .kt-blocks-accordion-header:focus-visible,\n\t\t\t\t.kt-accordion-id126_aa67a5-11 > .kt-accordion-inner-wrap > .wp-block-kadence-pane > .kt-accordion-header-wrap > .kt-blocks-accordion-header.kt-accordion-panel-active{color:#127cb8;background:#d9e6ee;border-top-color:#eeeeee;border-top-style:solid;border-right-color:#eeeeee;border-right-style:solid;border-bottom-color:#eeeeee;border-bottom-style:solid;border-left-color:#0e9cd1;border-left-style:solid;}.kt-accordion-id126_aa67a5-11:not( .kt-accodion-icon-style-basiccircle ):not( .kt-accodion-icon-style-xclosecircle ):not( .kt-accodion-icon-style-arrowcircle )  > .kt-accordion-inner-wrap > .wp-block-kadence-pane > .kt-accordion-header-wrap > .kt-blocks-accordion-header.kt-accordion-panel-active .kt-blocks-accordion-icon-trigger:after, .kt-accordion-id126_aa67a5-11:not( .kt-accodion-icon-style-basiccircle ):not( .kt-accodion-icon-style-xclosecircle ):not( .kt-accodion-icon-style-arrowcircle )  > .kt-accordion-inner-wrap > .wp-block-kadence-pane > .kt-accordion-header-wrap > .kt-blocks-accordion-header.kt-accordion-panel-active .kt-blocks-accordion-icon-trigger:before{background:#127cb8;}.kt-accordion-id126_aa67a5-11:not( .kt-accodion-icon-style-basic ):not( .kt-accodion-icon-style-xclose ):not( .kt-accodion-icon-style-arrow ) .kt-blocks-accordion-header.kt-accordion-panel-active .kt-blocks-accordion-icon-trigger{background:#127cb8;}.kt-accordion-id126_aa67a5-11:not( .kt-accodion-icon-style-basic ):not( .kt-accodion-icon-style-xclose ):not( .kt-accodion-icon-style-arrow ) .kt-blocks-accordion-header.kt-accordion-panel-active .kt-blocks-accordion-icon-trigger:after, .kt-accordion-id126_aa67a5-11:not( .kt-accodion-icon-style-basic ):not( .kt-accodion-icon-style-xclose ):not( .kt-accodion-icon-style-arrow ) .kt-blocks-accordion-header.kt-accordion-panel-active .kt-blocks-accordion-icon-trigger:before{background:#d9e6ee;}@media all and (max-width: 1024px){.kt-accordion-id126_aa67a5-11 .kt-accordion-panel-inner{border-top:0px solid transparent;border-right:1px solid transparent;border-bottom:1px solid transparent;border-left:1px solid transparent;}}@media all and (max-width: 1024px){.kt-accordion-id126_aa67a5-11 > .kt-accordion-inner-wrap > .wp-block-kadence-pane > .kt-accordion-header-wrap > .kt-blocks-accordion-header{border-top:1px solid #eeeeee;border-right:1px solid #eeeeee;border-bottom:1px solid #eeeeee;border-left:2px solid #eeeeee;}}@media all and (max-width: 1024px){.kt-accordion-id126_aa67a5-11 > .kt-accordion-inner-wrap > .wp-block-kadence-pane > .kt-accordion-header-wrap > .kt-blocks-accordion-header:hover, \n\t\t\t\tbody:not(.hide-focus-outline) .kt-accordion-id126_aa67a5-11 .kt-blocks-accordion-header:focus-visible{border-top-color:#d4d4d4;border-top-style:solid;border-right-color:#d4d4d4;border-right-style:solid;border-bottom-color:#d4d4d4;border-bottom-style:solid;border-left-color:#d4d4d4;border-left-style:solid;}}@media all and (max-width: 1024px){.kt-accordion-id126_aa67a5-11 .kt-accordion-header-wrap .kt-blocks-accordion-header:focus-visible,\n\t\t\t\t.kt-accordion-id126_aa67a5-11 > .kt-accordion-inner-wrap > .wp-block-kadence-pane > .kt-accordion-header-wrap > .kt-blocks-accordion-header.kt-accordion-panel-active{border-top-color:#eeeeee;border-top-style:solid;border-right-color:#eeeeee;border-right-style:solid;border-bottom-color:#eeeeee;border-bottom-style:solid;border-left-color:#0e9cd1;border-left-style:solid;}}@media all and (max-width: 767px){.kt-accordion-id126_aa67a5-11 .kt-accordion-inner-wrap{display:block;}.kt-accordion-id126_aa67a5-11 .kt-accordion-inner-wrap .kt-accordion-pane:not(:first-child){margin-top:10px;}.kt-accordion-id126_aa67a5-11 .kt-accordion-panel-inner{border-top:0px solid transparent;border-right:1px solid transparent;border-bottom:1px solid transparent;border-left:1px solid transparent;}.kt-accordion-id126_aa67a5-11 > .kt-accordion-inner-wrap > .wp-block-kadence-pane > .kt-accordion-header-wrap > .kt-blocks-accordion-header{border-top:1px solid #eeeeee;border-right:1px solid #eeeeee;border-bottom:1px solid #eeeeee;border-left:2px solid #eeeeee;}.kt-accordion-id126_aa67a5-11 > .kt-accordion-inner-wrap > .wp-block-kadence-pane > .kt-accordion-header-wrap > .kt-blocks-accordion-header:hover, \n\t\t\t\tbody:not(.hide-focus-outline) .kt-accordion-id126_aa67a5-11 .kt-blocks-accordion-header:focus-visible{border-top-color:#d4d4d4;border-top-style:solid;border-right-color:#d4d4d4;border-right-style:solid;border-bottom-color:#d4d4d4;border-bottom-style:solid;border-left-color:#d4d4d4;border-left-style:solid;}.kt-accordion-id126_aa67a5-11 .kt-accordion-header-wrap .kt-blocks-accordion-header:focus-visible,\n\t\t\t\t.kt-accordion-id126_aa67a5-11 > .kt-accordion-inner-wrap > .wp-block-kadence-pane > .kt-accordion-header-wrap > .kt-blocks-accordion-header.kt-accordion-panel-active{border-top-color:#eeeeee;border-top-style:solid;border-right-color:#eeeeee;border-right-style:solid;border-bottom-color:#eeeeee;border-bottom-style:solid;border-left-color:#0e9cd1;border-left-style:solid;}}<\/style>\n<div class=\"wp-block-kadence-accordion alignnone\"><div class=\"kt-accordion-wrap kt-accordion-id126_aa67a5-11 kt-accordion-has-6-panes kt-active-pane-0 kt-accordion-block kt-pane-header-alignment-left kt-accodion-icon-style-arrow kt-accodion-icon-side-right\" style=\"max-width:none\"><div class=\"kt-accordion-inner-wrap\" data-allow-multiple-open=\"false\" data-start-open=\"none\">\n<div class=\"wp-block-kadence-pane kt-accordion-pane kt-accordion-pane-1 kt-pane126_dd7c76-a5\"><div class=\"kt-accordion-header-wrap\"><button class=\"kt-blocks-accordion-header kt-acccordion-button-label-show\" type=\"button\"><span class=\"kt-blocks-accordion-title-wrap\"><span class=\"kt-blocks-accordion-title\">Capgemini<\/span><\/span><span class=\"kt-blocks-accordion-icon-trigger\"><\/span><\/button><\/div><div class=\"kt-accordion-panel kt-accordion-panel-hidden\"><div class=\"kt-accordion-panel-inner\">\n<ul class=\"wp-block-list\">\n<li><a href=\"http:\/\/www.sitescobas.es\/capgemini\/wp-content\/uploads\/sites\/3\/2024\/01\/Acuerdo-Politica-Retributiva_7.11.2023.pdf\">Actualizaci\u00f3n acuerdo Compensaci\u00f3n Antig\u00fcedad  [07-11-2023]<\/a><\/li>\n\n\n\n<li><a href=\"http:\/\/www.sitescobas.es\/capgemini\/wp-content\/uploads\/sites\/3\/2023\/12\/Plan-de-Igualdad-Grupo-Capgemini-2023.pdf\">Plan de Igualdad [Octubre-2023]<\/a><\/li>\n\n\n\n<li><a href=\"http:\/\/www.sitescobas.es\/capgemini\/wp-content\/uploads\/sites\/3\/2023\/11\/Protocolo-de-Actuacion-contra-el-acoso-sexual-y-por-razon-de-sexo-Octubre-2023.pdf\">Protocolo contra acoso sexual [Octubre &#8211; 2023]<\/a><\/li>\n\n\n\n<li><a href=\"https:\/\/drive.google.com\/file\/d\/1Fr5YvSrzT0l2tMWtpZ4p-Tnu7LK53Qzt\/view?usp=share_link\">Compensaci\u00f3n Antig\u00fcedad  [19-04-2022]<\/a><\/li>\n\n\n\n<li><a href=\"http:\/\/www.sitescobas.es\/capgemini\/wp-content\/uploads\/sites\/3\/2022\/06\/20211007_Acuerdo-trabajo-a-distancia-sin-firmas.pdf\">Trabajo a Distancia (Teletrabajo) [07-10-2021]<\/a><\/li>\n\n\n\n<li><a href=\"http:\/\/www.sitescobas.es\/capgemini\/wp-content\/uploads\/sites\/3\/2020\/06\/20180518_Acuerdo_MarcodeDisponibilidades.pdf\">Adaptaciones al acuerdo de Disponibilidades [28-05-2018]<\/a><\/li>\n\n\n\n<li><a href=\"http:\/\/www.sitescobas.es\/capgemini\/wp-content\/uploads\/sites\/3\/2020\/06\/20150602_Plan-Transformaci\u00f3n_Acuerdo.pdf\">Plan de Transformaci\u00f3n [28-05-2015]<\/a><\/li>\n\n\n\n<li><a href=\"http:\/\/www.sitescobas.es\/capgemini\/wp-content\/uploads\/sites\/3\/2020\/06\/20150216-Acuerdo-Anexo-PI.pdf\">Anexo Plan de Igualdad [16-02-2015]<\/a><\/li>\n\n\n\n<li><a href=\"http:\/\/www.sitescobas.es\/capgemini\/wp-content\/uploads\/sites\/3\/2020\/06\/20100721_Acuerdo_antiguedad_y_anexo.pdf\">Compensaci\u00f3n al complemento Antig\u00fcedad [21-07-2010]<\/a><\/li>\n\n\n\n<li><a href=\"http:\/\/www.sitescobas.es\/capgemini\/wp-content\/uploads\/sites\/3\/2020\/06\/20050530_AcuerdoMarcosobreDisponibilidades.pdf\">Disponibilidades [30-05-2005]<\/a><\/li>\n<\/ul>\n<\/div><\/div><\/div>\n\n\n\n<div class=\"wp-block-kadence-pane kt-accordion-pane kt-accordion-pane-2 kt-pane126_950f95-43\"><div class=\"kt-accordion-header-wrap\"><button class=\"kt-blocks-accordion-header kt-acccordion-button-label-show\" type=\"button\"><span class=\"kt-blocks-accordion-title-wrap\"><span class=\"kt-blocks-accordion-title\">Altran<\/span><\/span><span class=\"kt-blocks-accordion-icon-trigger\"><\/span><\/button><\/div><div class=\"kt-accordion-panel kt-accordion-panel-hidden\"><div class=\"kt-accordion-panel-inner\">\n<ul class=\"wp-block-list\">\n<li><a href=\"http:\/\/www.sitescobas.es\/capgemini\/wp-content\/uploads\/sites\/3\/2023\/02\/20221222_Protoco-fusion-Altran-y-Capgemini_SIN_FIRMAS.pdf\">Protocolo de integraci\u00f3n Altran en Capgemini [22\/12\/2022<\/a>]<\/li>\n\n\n\n<li><a href=\"http:\/\/www.sitescobas.es\/capgemini\/wp-content\/uploads\/sites\/3\/2023\/02\/20220101_Politica-de-Gastos-y-Viajes.pdf\">Pol\u00edtica de Gastos y Viajes [01\/01\/2022]<\/a><\/li>\n\n\n\n<li><a href=\"http:\/\/www.sitescobas.es\/capgemini\/wp-content\/uploads\/sites\/3\/2023\/02\/20210528_Acuerdo-de-Registro-de-Jornada_SIN_FIRMAS-1.pdf\">Acuerdo Registro de Jornada [28\/05\/2021]<\/a><\/li>\n\n\n\n<li><a href=\"http:\/\/www.sitescobas.es\/capgemini\/wp-content\/uploads\/sites\/3\/2023\/02\/20190112_Protocolo-DISPONIBILIDADES-SIN-FIRMAS.pdf\">Protocolo de Guardias, Disponibilidades e Intervenciones [01\/12\/2019]<\/a><\/li>\n\n\n\n<li><a href=\"https:\/\/drive.google.com\/file\/d\/1vOckNn8bCVbVbMGdzmAk6eJtxreyb-FQ\/view\">Acuerdo Formaci\u00f3n [10\/05\/2017]<\/a><\/li>\n\n\n\n<li><a href=\"http:\/\/www.sitescobas.es\/capgemini\/wp-content\/uploads\/sites\/3\/2026\/02\/Regulacion-trabajo-flexible-altran.pdf\">Regulaci\u00f3n Trabajo Flexible (Teletrabajo) [01\/09\/2016]<\/a><\/li>\n\n\n\n<li><a href=\"https:\/\/drive.google.com\/file\/d\/1-_xecr4l8dtHEwpZDTtygfWS3tnSDUmw\/view\">Acuerdo Compensaci\u00f3n Jornada Intensiva Verano [14\/03\/2013]<\/a><\/li>\n\n\n\n<li><a href=\"http:\/\/www.sitescobas.es\/capgemini\/wp-content\/uploads\/sites\/3\/2023\/02\/20101201_Politica-desplazamientos-Altran_FUSION_C-1.pdf\">Pol\u00edtica Dietas y Desplazamientos [01\/12\/2010]<\/a><\/li>\n\n\n\n<li><a href=\"https:\/\/drive.google.com\/file\/d\/1w0TWitSpei9uD9iijn61mHXeqbbt6WfR\/view\">Acuerdo Homogeneizaci\u00f3n de Condiciones Laborales [08\/06\/2010]<\/a><\/li>\n\n\n\n<li><a href=\"https:\/\/drive.google.com\/file\/d\/15IfWEWryub95h6brNW5aNOZCFN1zgsLI\/view\">Catalogo Beneficios Sociales Extendido<\/a><\/li>\n<\/ul>\n<\/div><\/div><\/div>\n\n\n\n<div class=\"wp-block-kadence-pane kt-accordion-pane kt-accordion-pane-4 kt-pane126_15780d-3a\"><div class=\"kt-accordion-header-wrap\"><button class=\"kt-blocks-accordion-header kt-acccordion-button-label-show\" type=\"button\"><span class=\"kt-blocks-accordion-title-wrap\"><span class=\"kt-blocks-accordion-title\">Sogeti 2010<\/span><\/span><span class=\"kt-blocks-accordion-icon-trigger\"><\/span><\/button><\/div><div class=\"kt-accordion-panel kt-accordion-panel-hidden\"><div class=\"kt-accordion-panel-inner\">\n<ul class=\"wp-block-list\">\n<li><a href=\"http:\/\/www.sitescobas.es\/capgemini\/wp-content\/uploads\/sites\/3\/2020\/06\/20100714_ProtocolointegracionCapgeminiSogeti.pdf\">Acuerdo de integraci\u00f3n Sogeti en Capgemini [14-07-2010]<\/a><\/li>\n\n\n\n<li><a href=\"http:\/\/www.sitescobas.es\/capgemini\/wp-content\/uploads\/sites\/3\/2020\/06\/20090722_ActaConciliacionAudenciaNacional.pdf\">Acta Conciliaci\u00f3n Audiencia Nacional (Vacaciones no obligatorias) [22-07-2009]<\/a><\/li>\n\n\n\n<li><a href=\"http:\/\/www.sitescobas.es\/capgemini\/wp-content\/uploads\/sites\/3\/2020\/06\/20081219_Acuerdotraspasoyunificaciondeconveniocolectivo.pdf\">Acuerdo traspaso y unificaci\u00f3n de Convenio colectivo en Sogeti [19-12-2008]<\/a><\/li>\n\n\n\n<li><a href=\"http:\/\/www.sitescobas.es\/capgemini\/wp-content\/uploads\/sites\/3\/2020\/06\/20081219_Acuerdoanticiposvestuariosypermisosdefallas.pdf\">Anticipos, uniformes y permisos Fallas [19-12-2008]<\/a><\/li>\n\n\n\n<li><a href=\"http:\/\/www.sitescobas.es\/capgemini\/wp-content\/uploads\/sites\/3\/2020\/06\/20081219_Aclaracionesprotocolovacaciones.pdf\">Aclaraciones protocolo de vacaciones [19-12-2008]<\/a><\/li>\n\n\n\n<li><a href=\"http:\/\/www.sitescobas.es\/capgemini\/wp-content\/uploads\/sites\/3\/2020\/06\/20080625_ProtocolodeVacaciones.pdf\">Protocolo de vacaciones [25-06-2008]<\/a><\/li>\n\n\n\n<li><a href=\"http:\/\/www.sitescobas.es\/capgemini\/wp-content\/uploads\/sites\/3\/2020\/06\/20080123_Acuerdopoliticassocialessalarialesdeigualdadycondicioneslaboralessinfirmas.pdf\">Acuerdo pol\u00edticas sociales, salariales, de igualdad y condiciones laborales [23-01-2008]<\/a><\/li>\n\n\n\n<li><a href=\"http:\/\/www.sitescobas.es\/capgemini\/wp-content\/uploads\/sites\/3\/2020\/06\/20070701_acuerdoFusion_InqaSogeti.pdf\">Acuerdo armonizaci\u00f3n condiciones laborales inQA.labs [01-07-2007]<\/a><\/li>\n\n\n\n<li><a href=\"http:\/\/www.sitescobas.es\/capgemini\/wp-content\/uploads\/sites\/3\/2020\/06\/20070606_AcuerdoComidaSIMA20070606.pdf\">Acuerdo vales de comida, acta conciliaci\u00f3n SIMA [06-06-2007]<\/a><\/li>\n\n\n\n<li><a href=\"http:\/\/www.sitescobas.es\/capgemini\/wp-content\/uploads\/sites\/3\/2020\/06\/20060301_AcuerdovalesdecomidaCCOO-UGT-Sogeti20060215.pdf\">Acuerdo vales de comida [01-03-2006]<\/a><\/li>\n<\/ul>\n<\/div><\/div><\/div>\n\n\n\n<div class=\"wp-block-kadence-pane kt-accordion-pane kt-accordion-pane-5 kt-pane126_803d7e-52\"><div class=\"kt-accordion-header-wrap\"><button class=\"kt-blocks-accordion-header kt-acccordion-button-label-show\" type=\"button\"><span class=\"kt-blocks-accordion-title-wrap\"><span class=\"kt-blocks-accordion-title\">Sogeti 2019<\/span><\/span><span class=\"kt-blocks-accordion-icon-trigger\"><\/span><\/button><\/div><div class=\"kt-accordion-panel kt-accordion-panel-hidden\"><div class=\"kt-accordion-panel-inner\">\n<ul class=\"wp-block-list\">\n<li><a href=\"http:\/\/www.sitescobas.es\/capgemini\/wp-content\/uploads\/sites\/3\/2024\/08\/20240729_Acuerdo-Aplicacion-GOP-colectivo-Sogeti-2019.pdf\">Aplicaci\u00f3n nuevo GOP colectivo Sogeti 2019 [29-07-2024]<\/a><\/li>\n\n\n\n<li><a href=\"http:\/\/www.sitescobas.es\/capgemini\/wp-content\/uploads\/sites\/3\/2022\/10\/Acuerdo-homogeneizacion-Kilometraje-Sogeti-2019-1.pdf\">Acuerdo compensaci\u00f3n desplazamientos [22-07-2021]<\/a><\/li>\n\n\n\n<li><a href=\"http:\/\/www.sitescobas.es\/capgemini\/wp-content\/uploads\/sites\/3\/2020\/06\/20190628_Acuerdo-Dialogo-Social_Sogeti.pdf\">Acuerdo integraci\u00f3n de Sogeti en Capgemini [28-06-2019]<\/a><\/li>\n\n\n\n<li><a href=\"http:\/\/www.sitescobas.es\/capgemini\/wp-content\/uploads\/sites\/3\/2020\/06\/20190530_Acuerdo-Restituci\u00f3n-Antig\u00fcedad-.pdf\">Acuerdo Restituci\u00f3n de Antig\u00fcedad [30-05-2019]<\/a><\/li>\n\n\n\n<li><a href=\"http:\/\/www.sitescobas.es\/capgemini\/wp-content\/uploads\/sites\/3\/2020\/06\/20181119_Acta-1-Reuni\u00f3n-de-seguimiento-quincenal-con-Direcci\u00f3n-Sogeti-F\u00f3rmula-c\u00e1lculo-GOP.pdf\">Acta reuni\u00f3n de seguimiento f\u00f3rmula c\u00e1lculo GOP [19-11-2018]<\/a><\/li>\n\n\n\n<li><a href=\"http:\/\/www.sitescobas.es\/capgemini\/wp-content\/uploads\/sites\/3\/2020\/06\/20180213_Acuerdo-para-negociar-los-calendarios-laborales-anuales-en-Sogeti-Espa\u00f1a..pdf\">Acuerdo calendarios laborales anuales [13-02-2018]<\/a><\/li>\n\n\n\n<li><a href=\"http:\/\/www.sitescobas.es\/capgemini\/wp-content\/uploads\/sites\/3\/2020\/06\/20171123_Acuerdo-SIMA_IncrementosTRestaurant_23112017.pdf\">Acuerdo SIMA Sogeti (Compensaci\u00f3n MSCT 2016 y tickets restaurant) [23-11-2017]<\/a><\/li>\n\n\n\n<li><a href=\"http:\/\/www.sitescobas.es\/capgemini\/wp-content\/uploads\/sites\/3\/2020\/06\/20171117_Protocolo-de-Embarazo-y-Lactancia.pdf\">Protocolo embarazo y lactancia [17-11-2017]<\/a><\/li>\n\n\n\n<li><a href=\"http:\/\/www.sitescobas.es\/capgemini\/wp-content\/uploads\/sites\/3\/2020\/06\/20171117_Protocolo-de-actuaci\u00f3n-frente-al-acoso-sexual-acoso-por-raz\u00f3n-de-sexo-as\u00ed-como-ante-la-discriminaci\u00f3n-laboral-por-raz\u00f3n-de-sexo..pdf\">Protocolo de actuaci\u00f3n frente al acoso y discriminaci\u00f3n por raz\u00f3n de sexo [17-11-2017]<\/a><\/li>\n\n\n\n<li><a href=\"http:\/\/www.sitescobas.es\/capgemini\/wp-content\/uploads\/sites\/3\/2021\/04\/20160229_Acta_Acuerdo_FINAL_MSCT.pdf\">Acuerdo modificaci\u00f3n sustancial condiciones de trabajo [29-02-2016]<\/a><\/li>\n\n\n\n<li><a href=\"http:\/\/www.sitescobas.es\/capgemini\/wp-content\/uploads\/sites\/3\/2020\/06\/20120702_Pol\u00edtica-gastos-Sogeti.pdf\">Pol\u00edtica de gastos [02-07-2012]<\/a><\/li>\n\n\n\n<li><a href=\"http:\/\/www.sitescobas.es\/capgemini\/wp-content\/uploads\/sites\/3\/2020\/06\/20090722_ActaConciliacionAudenciaNacional.pdf\">Acta Conciliaci\u00f3n Audiencia Nacional (Vacaciones no obligatorias) [22-07-2009]<\/a><\/li>\n\n\n\n<li><a href=\"http:\/\/www.sitescobas.es\/capgemini\/wp-content\/uploads\/sites\/3\/2020\/06\/20080625_ProtocolodeVacaciones.pdf\">Protocolo Vacaciones [25-06-2008]<\/a><\/li>\n\n\n\n<li><a href=\"http:\/\/www.sitescobas.es\/capgemini\/wp-content\/uploads\/sites\/3\/2020\/06\/20081219_Acuerdotraspasoyunificaciondeconveniocolectivo.pdf\">Acuerdo traspaso y unificaci\u00f3n de Convenio colectivo en Sogeti [19-12-2008]<\/a><\/li>\n\n\n\n<li><a href=\"http:\/\/www.sitescobas.es\/capgemini\/wp-content\/uploads\/sites\/3\/2020\/06\/20081219_Aclaracionesprotocolovacaciones.pdf\">Aclaraciones protocolo de vacaciones [19-12-2008]<\/a><\/li>\n\n\n\n<li><a href=\"http:\/\/www.sitescobas.es\/capgemini\/wp-content\/uploads\/sites\/3\/2020\/06\/20081219_Acuerdoanticiposvestuariosypermisosdefallas.pdf\">Acuerdo anticipos, uniformes y permisos Fallas [19-12-2008]<\/a><\/li>\n\n\n\n<li><a href=\"http:\/\/www.sitescobas.es\/capgemini\/wp-content\/uploads\/sites\/3\/2020\/06\/20080123_Acuerdopoliticassocialessalarialesdeigualdadycondicioneslaboralessinfirmas.pdf\">Acuerdo pol\u00edticas sociales, salariales, de igualdad y condiciones laborales [23-01-2008]<\/a><\/li>\n\n\n\n<li><a href=\"http:\/\/www.sitescobas.es\/capgemini\/wp-content\/uploads\/sites\/3\/2020\/06\/20070701_acuerdoFusion_InqaSogeti.pdf\">Acuerdo armonizaci\u00f3n condiciones laborales inQA.labs [01-07-2007]<\/a><\/li>\n\n\n\n<li><a href=\"http:\/\/www.sitescobas.es\/capgemini\/wp-content\/uploads\/sites\/3\/2020\/06\/20070606_AcuerdoComidaSIMA20070606.pdf\">Acuerdo vales de comida, acta conciliaci\u00f3n SIMA [06-06-2007]<\/a><\/li>\n\n\n\n<li><a href=\"http:\/\/www.sitescobas.es\/capgemini\/wp-content\/uploads\/sites\/3\/2020\/06\/20060301_AcuerdovalesdecomidaCCOO-UGT-Sogeti20060215.pdf\">Acuerdo vales de comida [01-03-2006]<\/a><\/li>\n<\/ul>\n<\/div><\/div><\/div>\n\n\n\n<div class=\"wp-block-kadence-pane kt-accordion-pane kt-accordion-pane-6 kt-pane126_2ef88e-28\"><div class=\"kt-accordion-header-wrap\"><button class=\"kt-blocks-accordion-header kt-acccordion-button-label-show\" type=\"button\"><span class=\"kt-blocks-accordion-title-wrap\"><span class=\"kt-blocks-accordion-title\">OLE Staffing<\/span><\/span><span class=\"kt-blocks-accordion-icon-trigger\"><\/span><\/button><\/div><div class=\"kt-accordion-panel kt-accordion-panel-hidden\"><div class=\"kt-accordion-panel-inner\">\n<p><a href=\"http:\/\/www.sitescobas.es\/capgemini\/wp-content\/uploads\/sites\/3\/2022\/06\/20060810_Condiciones_Subrrogacion_OleStaffing.pdf\">Condiciones Subrogaci\u00f3n [10-08-2006]<\/a><\/p>\n<\/div><\/div><\/div>\n<\/div><\/div><\/div>\n\n\n\n<p><br><\/p>\n","protected":false},"excerpt":{"rendered":"<div class=\"mh-excerpt\"><\/div>\n","protected":false},"author":1,"featured_media":0,"parent":0,"menu_order":0,"comment_status":"closed","ping_status":"closed","template":"","meta":{"_kadence_starter_templates_imported_post":false,"footnotes":""},"class_list":["post-126","page","type-page","status-publish"],"_links":{"self":[{"href":"https:\/\/www.sitescobas.es\/capgemini\/wp-json\/wp\/v2\/pages\/126","targetHints":{"allow":["GET"]}}],"collection":[{"href":"https:\/\/www.sitescobas.es\/capgemini\/wp-json\/wp\/v2\/pages"}],"about":[{"href":"https:\/\/www.sitescobas.es\/capgemini\/wp-json\/wp\/v2\/types\/page"}],"author":[{"embeddable":true,"href":"https:\/\/www.sitescobas.es\/capgemini\/wp-json\/wp\/v2\/users\/1"}],"replies":[{"embeddable":true,"href":"https:\/\/www.sitescobas.es\/capgemini\/wp-json\/wp\/v2\/comments?post=126"}],"version-history":[{"count":74,"href":"https:\/\/www.sitescobas.es\/capgemini\/wp-json\/wp\/v2\/pages\/126\/revisions"}],"predecessor-version":[{"id":2119,"href":"https:\/\/www.sitescobas.es\/capgemini\/wp-json\/wp\/v2\/pages\/126\/revisions\/2119"}],"wp:attachment":[{"href":"https:\/\/www.sitescobas.es\/capgemini\/wp-json\/wp\/v2\/media?parent=126"}],"curies":[{"name":"wp","href":"https:\/\/api.w.org\/{rel}","templated":true}]}}