{"id":120,"date":"2020-05-08T09:20:46","date_gmt":"2020-05-08T09:20:46","guid":{"rendered":"http:\/\/www.sitescobas.es\/capgemini\/?page_id=120"},"modified":"2022-06-15T14:29:38","modified_gmt":"2022-06-15T14:29:38","slug":"guias-y-mas","status":"publish","type":"page","link":"https:\/\/www.sitescobas.es\/capgemini\/guias-y-mas\/","title":{"rendered":"GU\u00cdAS Y M\u00c1S"},"content":{"rendered":"\n<h4 class=\"has-text-color wp-block-heading\" style=\"color:#000000b0\">C\u00c1LCULOS<\/h4>\n\n\n\n<ul class=\"wp-block-list\"><li><a href=\"https:\/\/www2.agenciatributaria.gob.es\/wlpl\/PRET-R200\/index.zul\">Retenci\u00f3n IRPF<\/a><\/li><li><a href=\"https:\/\/sede.sepe.gob.es\/dgsimulador\/introSimSimuladorPregunta1.do\">Prestaci\u00f3n por desempleo<\/a><\/li><li><a href=\"https:\/\/sede.seg-social.gob.es\/wps\/portal\/sede\/sede\/Ciudadanos\/informes%20y%20certificados\/201864\/!ut\/p\/z1\/rVJdU9swEPwr8JBH506WP_tmWsaQxjBpxiTWS0a2ZUc0kY0tEuivrxyY6ZQhZDpUb7rZu93bW2CwBKb4TtZcy0bxjflnzFtR4jkkRDKN8foSozT5noZ0RmPbg8UBgEdehMA-7r8DBqxQutVryHpRilXRKC2ULJt-hENhhIV8LHnJ1VCRqmq6rejPns8K0WlZyYIfoDaSwHOGaW0hS8hKkgfcpb5VEepajl8UVu77wgrd0K88m1cOyV_VH5GH4Un1i4HvxIQD4AODJsDqTZO_mB2pnAY1sE5UohPd-LEz5bXWbf9lhCPc7_fjumnqjRgLs_N7Heum17D8CwiZWdP_IxIxNszpBc7v0CYYU1jspNhDqoy1Rsf8H128wrcMMZm5A8NtcP1jRjDwP8nwMt69DZBM0J6ilwQYhbN5Or0hFH3nk-Mnp-5sfLa75GtifG65XltDCmF5JIuwfM2i6ZL3Dw8sMgkfQv1kDvMfIt5u021An62fVaLd3K23q28XN1Y22f2aXm3q8_Pfyp7wbQ!!\/dz\/d5\/L2dBISEvZ0FBIS9nQSEh\/\">Informe de vida laboral<\/a><\/li><\/ul>\n\n\n\n<h4 class=\"has-text-color wp-block-heading\" style=\"color:#000000b0\">FORMACI\u00d3N<\/h4>\n\n\n\n<ul class=\"wp-block-list\"><li><a href=\"https:\/\/www.sitescobas.es\/wp-content\/uploads\/2020\/05\/Permisos-individuales-de-formacion-FUNDAE.pdf\">Permisos individuales de Formaci\u00f3n (PIF) FUNDAE<\/a><\/li><\/ul>\n\n\n\n<h4 class=\"has-text-color wp-block-heading\" style=\"color:#000000b0\">SEGURIDAD Y SALUD<\/h4>\n\n\n\n<ul class=\"wp-block-list\"><li><a href=\"https:\/\/herramientasprl.insst.es\/\">Herramientas para la Prevenci\u00f3n (Higiene, Medicina del trabajo, Seguridad en el trabajo, Ergonom\u00eda)<\/a><\/li><\/ul>\n\n\n\n<p><\/p>\n","protected":false},"excerpt":{"rendered":"<div class=\"mh-excerpt\">C\u00c1LCULOS Retenci\u00f3n IRPF Prestaci\u00f3n por desempleo Informe de vida laboral FORMACI\u00d3N Permisos individuales de Formaci\u00f3n (PIF) FUNDAE SEGURIDAD Y SALUD Herramientas para la Prevenci\u00f3n (Higiene, Medicina del trabajo, Seguridad en el trabajo, Ergonom\u00eda)<\/div>\n","protected":false},"author":1,"featured_media":0,"parent":0,"menu_order":0,"comment_status":"closed","ping_status":"closed","template":"","meta":{"_kadence_starter_templates_imported_post":false,"footnotes":""},"class_list":["post-120","page","type-page","status-publish"],"_links":{"self":[{"href":"https:\/\/www.sitescobas.es\/capgemini\/wp-json\/wp\/v2\/pages\/120","targetHints":{"allow":["GET"]}}],"collection":[{"href":"https:\/\/www.sitescobas.es\/capgemini\/wp-json\/wp\/v2\/pages"}],"about":[{"href":"https:\/\/www.sitescobas.es\/capgemini\/wp-json\/wp\/v2\/types\/page"}],"author":[{"embeddable":true,"href":"https:\/\/www.sitescobas.es\/capgemini\/wp-json\/wp\/v2\/users\/1"}],"replies":[{"embeddable":true,"href":"https:\/\/www.sitescobas.es\/capgemini\/wp-json\/wp\/v2\/comments?post=120"}],"version-history":[{"count":12,"href":"https:\/\/www.sitescobas.es\/capgemini\/wp-json\/wp\/v2\/pages\/120\/revisions"}],"predecessor-version":[{"id":698,"href":"https:\/\/www.sitescobas.es\/capgemini\/wp-json\/wp\/v2\/pages\/120\/revisions\/698"}],"wp:attachment":[{"href":"https:\/\/www.sitescobas.es\/capgemini\/wp-json\/wp\/v2\/media?parent=120"}],"curies":[{"name":"wp","href":"https:\/\/api.w.org\/{rel}","templated":true}]}}