{"id":82,"date":"2023-04-24T10:34:21","date_gmt":"2023-04-24T10:34:21","guid":{"rendered":"https:\/\/www.sitescobas.es\/eviden\/?page_id=52"},"modified":"2026-02-02T09:04:38","modified_gmt":"2026-02-02T09:04:38","slug":"normativa-laboral-2","status":"publish","type":"page","link":"https:\/\/www.sitescobas.es\/atosholding\/normativa-laboral-2\/","title":{"rendered":"NORMATIVA LABORAL"},"content":{"rendered":"\n<p>Consulta aqu\u00ed toda la&nbsp;<strong>normativa laboral b\u00e1sica<\/strong>:    <\/p>\n\n\n<ul>\n<li>En <strong>Atos Holding<\/strong> encontrar\u00e1s los acuerdos para toda la plantilla de Atos Holding<\/li>\n<li>En <strong>General<\/strong> acceder\u00e1s a normativas laborales comunes de inter\u00e9s<\/li>\n<li>En <strong>Calendarios Laborales<\/strong> encontrar\u00e1s todos los calendarios laborales ya aprobados, seg\u00fan empresa de origen y centro de trabajo para 2024. Si echas alguno en falta, d\u00ednoslo para que lo busquemos y subamos al blog.<\/li>\n<\/ul>\n\n\n<div class=\"wp-block-columns is-layout-flex wp-container-core-columns-is-layout-9d6595d7 wp-block-columns-is-layout-flex\">\n<div class=\"wp-block-column is-layout-flow wp-block-column-is-layout-flow\" style=\"flex-basis:100%\">\n<div class=\"wp-block-columns is-layout-flex wp-container-core-columns-is-layout-9d6595d7 wp-block-columns-is-layout-flex\">\n<div class=\"wp-block-column is-layout-flow wp-block-column-is-layout-flow\" style=\"flex-basis:100%\"><style>.kt-tabs-id82_0f1cf0-b3 > .kt-tabs-content-wrap > .wp-block-kadence-tab{border-top:3px solid #cf2e2e;border-right:0px solid #0a6689;border-bottom:0px solid #0a6689;border-top-left-radius:0px;border-top-right-radius:0px;border-bottom-right-radius:0px;border-bottom-left-radius:0px;padding-top:var(--global-kb-spacing-sm, 1.5rem);padding-right:var(--global-kb-spacing-sm, 1.5rem);padding-bottom:var(--global-kb-spacing-sm, 1.5rem);padding-left:var(--global-kb-spacing-sm, 1.5rem);background:var(--global-palette9, #ffffff);}.wp-block-kadence-tabs .kt-tabs-id82_0f1cf0-b3 > .kt-tabs-title-list li{margin-top:0px;margin-right:8px;margin-bottom:0px;margin-left:0px;}.wp-block-kadence-tabs .kt-tabs-id82_0f1cf0-b3 > .kt-tabs-title-list li:last-child{margin-right:0px;}.wp-block-kadence-tabs .kt-tabs-id82_0f1cf0-b3 > .kt-tabs-title-list li .kt-tab-title, .wp-block-kadence-tabs .kt-tabs-id82_0f1cf0-b3 > .kt-tabs-content-wrap > .kt-tabs-accordion-title .kt-tab-title{line-height:1.2em;font-weight:regular;font-style:normal;border-top-width:0px;border-right-width:0px;border-bottom-width:0px;border-left-width:0px;border-top-left-radius:4px;border-top-right-radius:4px;border-bottom-right-radius:0px;border-bottom-left-radius:0px;padding-top:8px;padding-right:20px;padding-bottom:8px;padding-left:20px;border-color:var(--global-palette7, #eeeeee);color:#2d3748;background:var(--global-palette7, #eeeeee);}.wp-block-kadence-tabs .kt-tabs-id82_0f1cf0-b3 > .kt-tabs-content-wrap > .kt-tabs-accordion-title .kt-tab-title{margin-top:0px;margin-right:8px;margin-bottom:0px;margin-left:0px;}.wp-block-kadence-tabs .kt-tabs-id82_0f1cf0-b3 > .kt-tabs-title-list li .kt-tab-title:hover, .wp-block-kadence-tabs .kt-tabs-id82_0f1cf0-b3 > .kt-tabs-content-wrap > .kt-tabs-accordion-title .kt-tab-title:hover{border-color:var(--global-palette7, #eeeeee);color:var(--global-palette3, #1A202C);background:var(--global-palette8, #F7FAFC);}.wp-block-kadence-tabs .kt-tabs-id82_0f1cf0-b3 > .kt-tabs-title-list li.kt-tab-title-active .kt-tab-title, .wp-block-kadence-tabs .kt-tabs-id82_0f1cf0-b3 > .kt-tabs-content-wrap > .kt-tabs-accordion-title.kt-tab-title-active .kt-tab-title{border-color:var(--global-palette7, #eeeeee);color:#ffffff;background:#6a778f;}@media all and (max-width: 1024px){.kt-tabs-id82_0f1cf0-b3 > .kt-tabs-content-wrap > .wp-block-kadence-tab{border-top:3px solid #cf2e2e;border-right:0px solid #0a6689;border-bottom:0px solid #0a6689;}}@media all and (max-width: 767px){.kt-tabs-id82_0f1cf0-b3 > .kt-tabs-content-wrap > .wp-block-kadence-tab{border-top:3px solid #cf2e2e;border-right:0px solid #0a6689;border-bottom:0px solid #0a6689;}}<\/style>\n<div class=\"wp-block-kadence-tabs alignnone\"><div class=\"kt-tabs-wrap kt-tabs-id82_0f1cf0-b3 kt-tabs-has-3-tabs kt-active-tab-3 kt-tabs-layout-tabs kt-tabs-tablet-layout-inherit kt-tabs-mobile-layout-inherit kt-tab-alignment-left \"><ul class=\"kt-tabs-title-list\"><li id=\"tab-atosholding\" class=\"kt-title-item kt-title-item-1 kt-tabs-svg-show-always kt-tabs-icon-side-right kt-tab-title-inactive\"><a href=\"#tab-atosholding\" data-tab=\"1\" class=\"kt-tab-title kt-tab-title-1 \"><span class=\"kt-title-text\">Atos Holding<\/span><\/a><\/li><li id=\"tab-general\" class=\"kt-title-item kt-title-item-2 kt-tabs-svg-show-always kt-tabs-icon-side-right kt-tab-title-inactive\"><a href=\"#tab-general\" data-tab=\"2\" class=\"kt-tab-title kt-tab-title-2 \"><span class=\"kt-title-text\">General<\/span><\/a><\/li><li id=\"tab-calendarioslaborales2025brporcentrodetrabajo\" class=\"kt-title-item kt-title-item-3 kt-tabs-svg-show-always kt-tabs-icon-side-right kt-tab-title-active\"><a href=\"#tab-calendarioslaborales2025brporcentrodetrabajo\" data-tab=\"3\" class=\"kt-tab-title kt-tab-title-3 \"><span class=\"kt-title-text\">Calendarios Laborales 2025 <br>(por centro de trabajo)<\/span><\/a><\/li><\/ul><div class=\"kt-tabs-content-wrap\">\n<div class=\"wp-block-kadence-tab kt-tab-inner-content kt-inner-tab-1 kt-inner-tabd550d2-c3\"><div class=\"kt-tab-inner-content-inner\">\n<figure class=\"wp-block-table\"><table><tbody><tr><td><a href=\"https:\/\/www.sitescobas.es\/atosholding\/wp-content\/uploads\/sites\/9\/2025\/05\/Acuerdo-Marco-Atos-Holding.pdf\" data-type=\"link\" data-id=\"https:\/\/www.sitescobas.es\/atosholding\/wp-content\/uploads\/sites\/9\/2025\/05\/Acuerdo-Marco-Atos-Holding.pdf\" target=\"_blank\" rel=\"noreferrer noopener\">Acuerdo Marco Atos Holding S.L.<\/a><\/td><\/tr><tr><td><a href=\"https:\/\/www.sitescobas.es\/atosholding\/wp-content\/uploads\/sites\/9\/2025\/05\/FAQ-Acuerdo-Marco-Atos-Holding.pdf\" target=\"_blank\" rel=\"noreferrer noopener\">FAQ&#8217;s (documento de la empresa) Acuerdo Marco Atos Holding<\/a><\/td><\/tr><\/tbody><\/table><\/figure>\n\n\n\n<figure class=\"wp-block-table\"><table><tbody><tr><td><a href=\"https:\/\/www.sitescobas.es\/atosholding\/wp-content\/uploads\/sites\/9\/2024\/02\/Acuerdo-Teletrabajo_Atos-Holding_19022024-firmado-UGT-CCOO-COBAS-RSTIC-EMPRESA.pdf\" target=\"_blank\" rel=\"noreferrer noopener\">Acuerdo de Teletrabajo Ordinario en Atos Holding S.L<\/a><a href=\"https:\/\/www.sitescobas.es\/atosholding\/wp-content\/uploads\/sites\/9\/2024\/02\/Acuerdo-Teletrabajo_Atos-Holding_19022024-firmado-UGT-CCOO-COBAS-RSTIC.pdf\" target=\"_blank\" rel=\"noreferrer noopener\">.<\/a><\/td><\/tr><tr><td><a href=\"https:\/\/www.sitescobas.es\/atosholding\/wp-content\/uploads\/sites\/9\/2024\/03\/FAQs-Borrador-Acuerdo-Teletrabajo-COBAS-Holding.pdf\" target=\"_blank\" rel=\"noreferrer noopener\">Preguntas frecuentes sobre el acuerdo de Teletrabajo<\/a> (documento vivo que va recogiendo las nuevas preguntas que nos hag\u00e1is llegar)<\/td><\/tr><\/tbody><\/table><\/figure>\n\n\n\n<figure class=\"wp-block-table\"><table><tbody><tr><td><a href=\"https:\/\/www.boe.es\/boe\/dias\/2025\/04\/16\/pdfs\/BOE-A-2025-7766.pdf\" target=\"_blank\" rel=\"noreferrer noopener\">XIX Convenio colectivo estatal TIC<\/a><\/td><\/tr><\/tbody><\/table><\/figure>\n<\/div><\/div>\n\n\n\n<div class=\"wp-block-kadence-tab kt-tab-inner-content kt-inner-tab-2 kt-inner-tab7bf4c4-81\"><div class=\"kt-tab-inner-content-inner\">\n<figure class=\"wp-block-table\"><table><tbody><tr><td><a rel=\"noreferrer noopener\" href=\"https:\/\/www.boe.es\/boe\/dias\/2015\/10\/24\/pdfs\/BOE-A-2015-11430.pdf\" target=\"_BLANK\">Ley del Estatuto de los Trabajadores (actualizado a octubre de 2015)<\/a><\/td><\/tr><tr><td><a rel=\"noreferrer noopener\" href=\"http:\/\/www.ugt.es\/sites\/default\/files\/Documentos%20de%20apoyo\/lols_OK.pdf\" target=\"_BLANK\">Ley Org\u00e1nica de Libertad Sindical (LOLS)<\/a><\/td><\/tr><tr><td><a rel=\"noreferrer noopener\" href=\"http:\/\/www.ugt.es\/sites\/default\/files\/Documentos%20de%20apoyo\/prl08.pdf\" target=\"_BLANK\">Ley de Prevenci\u00f3n de Riesgos Laborales<\/a><\/td><\/tr><tr><td><a rel=\"noreferrer noopener\" href=\"http:\/\/www.ugt.es\/sites\/default\/files\/Documentos%20de%20apoyo\/lisos15.pdf\" target=\"_BLANK\">Ley sobre Infracciones y Sanciones en el Orden Social (LISOS)<\/a><\/td><\/tr><tr><td><a rel=\"noreferrer noopener\" href=\"http:\/\/www.seg-social.es\/Internet_1\/Normativa\/index.htm?dDocName=097507&amp;C1=1001&amp;C2=2010&amp;C3=3038&amp;C4=4026\" target=\"_BLANK\">Ley del Estatuto del Trabajador Aut\u00f3nomo<\/a><\/td><\/tr><tr><td><a rel=\"noreferrer noopener\" href=\"https:\/\/www.boe.es\/boe\/dias\/2015\/10\/24\/pdfs\/BOE-A-2015-11431.pdf\" target=\"_BLANK\">Ley del empleo<\/a><\/td><\/tr><tr><td><a rel=\"noreferrer noopener\" href=\"http:\/\/www.ugt.es\/sites\/default\/files\/Documentos%20de%20apoyo\/ley_igualdad-ugt_legisla.pdf\" target=\"_BLANK\">Ley de Igualdad<\/a><\/td><\/tr><tr><td><a rel=\"noreferrer noopener\" href=\"http:\/\/www.empleo.gob.es\/es\/sec_leyes\/index.htm\" target=\"_BLANK\">Legislaci\u00f3n, \u00d3rdenes y Normativas (web Ministerio de Trabajo, Migraciones y Seguridad Social)<\/a><\/td><\/tr><tr><td><a rel=\"noreferrer noopener\" href=\"http:\/\/www.seg-social.es\/Internet_1\/Normativa\/index.htm\" target=\"_BLANK\">Bases y tipos de cotizaci\u00f3n a la Seguridad Social<\/a><\/td><\/tr><tr><td><a rel=\"noreferrer noopener\" href=\"https:\/\/www.boe.es\/buscar\/pdf\/2018\/BOE-A-2018-17773-consolidado.pdf\" target=\"_blank\">Salario M\u00ednimo Interprofesional en 2019<\/a><\/td><\/tr><tr><td><a rel=\"noreferrer noopener\" href=\"http:\/\/www.seg-social.es\/wps\/portal\/wss\/internet\/Pensionistas\/Pensiones\/33467\" target=\"_blank\">Pensiones contributivas y no contributivas<\/a><\/td><\/tr><\/tbody><\/table><\/figure>\n<\/div><\/div>\n\n\n\n<div class=\"wp-block-kadence-tab kt-tab-inner-content kt-inner-tab-3 kt-inner-tab92b6ef-52\"><div class=\"kt-tab-inner-content-inner\">\n<figure class=\"wp-block-table\"><table><tbody><tr><td><a href=\"https:\/\/www.sitescobas.es\/atosholding\/wp-content\/uploads\/sites\/9\/2025\/07\/Calendario-Holding-Alicante-2025.pdf\" target=\"_blank\" rel=\"noreferrer noopener\">Alicante<\/a><\/td><\/tr><tr><td>Barcelona (Pte. firma RLPT)<\/td><\/tr><tr><td><a href=\"https:\/\/www.sitescobas.es\/atosholding\/wp-content\/uploads\/sites\/9\/2025\/07\/Calendario-Holding-Bilbao-2025.pdf\" data-type=\"link\" data-id=\"https:\/\/www.sitescobas.es\/atosholding\/wp-content\/uploads\/sites\/9\/2025\/07\/Calendario-Holding-Bilbao-2025.pdf\" target=\"_blank\" rel=\"noreferrer noopener\">Bilbao<\/a><\/td><\/tr><tr><td><a href=\"https:\/\/www.sitescobas.es\/atosholding\/wp-content\/uploads\/sites\/9\/2025\/07\/Calendario-Holding-Malaga-2025.pdf\" data-type=\"link\" data-id=\"https:\/\/www.sitescobas.es\/atosholding\/wp-content\/uploads\/sites\/9\/2025\/07\/Calendario-Holding-Malaga-2025.pdf\" target=\"_blank\" rel=\"noreferrer noopener\">M\u00e1laga<\/a><\/td><\/tr><tr><td><a href=\"https:\/\/www.sitescobas.es\/atosholding\/wp-content\/uploads\/sites\/9\/2025\/07\/Calendario-Holding-Madrid-2025.pdf\" data-type=\"link\" data-id=\"https:\/\/www.sitescobas.es\/atosholding\/wp-content\/uploads\/sites\/9\/2025\/07\/Calendario-Holding-Madrid-2025.pdf\" target=\"_blank\" rel=\"noreferrer noopener\">Madrid Albarrac\u00edn<\/a> <\/td><\/tr><tr><td><a href=\"https:\/\/www.sitescobas.es\/atosholding\/wp-content\/uploads\/sites\/9\/2026\/02\/Calendario-Tres-Cantos-2026.jpg\" data-type=\"link\" data-id=\"https:\/\/www.sitescobas.es\/atosholding\/wp-content\/uploads\/sites\/9\/2026\/02\/Calendario-Tres-Cantos-2026.jpg\" target=\"_blank\" rel=\"noreferrer noopener\">Madrid Tres Cantos<\/a><\/td><\/tr><tr><td><a href=\"https:\/\/www.sitescobas.es\/atosholding\/wp-content\/uploads\/sites\/9\/2025\/07\/Calendario-Holding-Santander-2025.pdf\" data-type=\"link\" data-id=\"https:\/\/www.sitescobas.es\/atosholding\/wp-content\/uploads\/sites\/9\/2025\/07\/Calendario-Holding-Santander-2025.pdf\" target=\"_blank\" rel=\"noreferrer noopener\">Santander<\/a><\/td><\/tr><tr><td><a href=\"https:\/\/www.sitescobas.es\/atosholding\/wp-content\/uploads\/sites\/9\/2025\/07\/Calendario-Holding-Sevilla-2025.pdf\" data-type=\"link\" data-id=\"https:\/\/www.sitescobas.es\/atosholding\/wp-content\/uploads\/sites\/9\/2025\/07\/Calendario-Holding-Sevilla-2025.pdf\" target=\"_blank\" rel=\"noreferrer noopener\">Sevilla<\/a><\/td><\/tr><tr><td><a href=\"https:\/\/www.sitescobas.es\/atosholding\/wp-content\/uploads\/sites\/9\/2025\/07\/Calendario-Holding-Tres-Cantos-2025.pdf\" data-type=\"link\" data-id=\"https:\/\/www.sitescobas.es\/atosholding\/wp-content\/uploads\/sites\/9\/2025\/07\/Calendario-Holding-Tres-Cantos-2025.pdf\" target=\"_blank\" rel=\"noreferrer noopener\">Tres Cantos Madrid<\/a><\/td><\/tr><tr><td><a href=\"https:\/\/www.sitescobas.es\/atosholding\/wp-content\/uploads\/sites\/9\/2025\/07\/Calendario-Holding-Valencia-2025.pdf\" data-type=\"link\" data-id=\"https:\/\/www.sitescobas.es\/atosholding\/wp-content\/uploads\/sites\/9\/2025\/07\/Calendario-Holding-Valencia-2025.pdf\" target=\"_blank\" rel=\"noreferrer noopener\">Valencia<\/a><\/td><\/tr><tr><td><a href=\"https:\/\/www.sitescobas.es\/atosholding\/wp-content\/uploads\/sites\/9\/2025\/07\/Calendario-Holding-Valladolid-2025.pdf\" data-type=\"link\" data-id=\"https:\/\/www.sitescobas.es\/atosholding\/wp-content\/uploads\/sites\/9\/2025\/07\/Calendario-Holding-Valladolid-2025.pdf\" target=\"_blank\" rel=\"noreferrer noopener\">Valladolid<\/a><\/td><\/tr><tr><td><a href=\"https:\/\/www.sitescobas.es\/atosholding\/wp-content\/uploads\/sites\/9\/2025\/07\/Calendario-Holding-Zaragoza-2025.pdf\" data-type=\"link\" data-id=\"https:\/\/www.sitescobas.es\/atosholding\/wp-content\/uploads\/sites\/9\/2025\/07\/Calendario-Holding-Zaragoza-2025.pdf\" target=\"_blank\" rel=\"noreferrer noopener\">Zaragoza<\/a><\/td><\/tr><\/tbody><\/table><\/figure>\n\n\n\n<p><\/p>\n<\/div><\/div>\n<\/div><\/div><\/div>\n<\/div>\n<\/div>\n<\/div>\n<\/div>\n\n\n\n<p><a rel=\"noreferrer noopener\" href=\"http:\/\/www.seg-social.es\/wps\/portal\/wss\/internet\/Pensionistas\/Pensiones\/33467\" target=\"_blank\"><\/a><\/p>\n\n\n\n<p><\/p>\n","protected":false},"excerpt":{"rendered":"<div class=\"mh-excerpt\">Consulta aqu\u00ed toda la&nbsp;normativa laboral b\u00e1sica: En Atos Holding encontrar\u00e1s los acuerdos para toda la plantilla de Atos Holding En General acceder\u00e1s a normativas laborales comunes de inter\u00e9s En Calendarios Laborales encontrar\u00e1s todos los calendarios <a class=\"mh-excerpt-more\" href=\"https:\/\/www.sitescobas.es\/atosholding\/normativa-laboral-2\/\" title=\"NORMATIVA LABORAL\">[&#8230;]<\/a><\/div>\n","protected":false},"author":10,"featured_media":545,"parent":0,"menu_order":0,"comment_status":"closed","ping_status":"closed","template":"","meta":{"_kadence_starter_templates_imported_post":false,"footnotes":""},"class_list":["post-82","page","type-page","status-publish","has-post-thumbnail"],"_links":{"self":[{"href":"https:\/\/www.sitescobas.es\/atosholding\/wp-json\/wp\/v2\/pages\/82","targetHints":{"allow":["GET"]}}],"collection":[{"href":"https:\/\/www.sitescobas.es\/atosholding\/wp-json\/wp\/v2\/pages"}],"about":[{"href":"https:\/\/www.sitescobas.es\/atosholding\/wp-json\/wp\/v2\/types\/page"}],"author":[{"embeddable":true,"href":"https:\/\/www.sitescobas.es\/atosholding\/wp-json\/wp\/v2\/users\/10"}],"replies":[{"embeddable":true,"href":"https:\/\/www.sitescobas.es\/atosholding\/wp-json\/wp\/v2\/comments?post=82"}],"version-history":[{"count":35,"href":"https:\/\/www.sitescobas.es\/atosholding\/wp-json\/wp\/v2\/pages\/82\/revisions"}],"predecessor-version":[{"id":1072,"href":"https:\/\/www.sitescobas.es\/atosholding\/wp-json\/wp\/v2\/pages\/82\/revisions\/1072"}],"wp:featuredmedia":[{"embeddable":true,"href":"https:\/\/www.sitescobas.es\/atosholding\/wp-json\/wp\/v2\/media\/545"}],"wp:attachment":[{"href":"https:\/\/www.sitescobas.es\/atosholding\/wp-json\/wp\/v2\/media?parent=82"}],"curies":[{"name":"wp","href":"https:\/\/api.w.org\/{rel}","templated":true}]}}