{"id":32,"date":"2023-05-22T21:26:17","date_gmt":"2023-05-22T21:26:17","guid":{"rendered":"https:\/\/www.sitescobas.es\/atos\/?page_id=32"},"modified":"2023-05-29T08:56:51","modified_gmt":"2023-05-29T08:56:51","slug":"normas","status":"publish","type":"page","link":"https:\/\/www.sitescobas.es\/atosholding\/normas\/","title":{"rendered":"NORMAS"},"content":{"rendered":"\n<h4 class=\"wp-block-heading\"><strong>SOBRE LA PARTICIPACI\u00d3N EN LOS COMENTARIOS EN ESTA WEB<\/strong><\/h4>\n\n\n\n<ul class=\"wp-block-list\">\n<li>La participaci\u00f3n es libre y voluntaria, y no implica ning\u00fan tipo de obligaci\u00f3n para las personas usuarias.<\/li>\n\n\n\n<li>La participaci\u00f3n no concede ning\u00fan tipo de derecho sobre el mismo.<\/li>\n\n\n\n<li>Con respecto a las posibles discusiones, se insta a los participantes a mantenerlas en otros medios, evitando la publicaci\u00f3n de comentarios en la web.<\/li>\n\n\n\n<li>El equipo de administraci\u00f3n de la web eludir\u00e1 intervenir\/moderar en las discusiones aunque estas sean fuertes. Solo en el caso de temas ofensivos, falsos y\/o insultantes se pedir\u00e1 a quien ofende una rectificaci\u00f3n y disculpa. Cualquier entrada con insultos ser\u00e1 descartada por el equipo de moderaci\u00f3n.<\/li>\n\n\n\n<li>Esta web es un punto de encuentro para la defensa de las personas trabajadoras para todo lo relacionado con el sindicalismo en esta empresa. NO es una web de pol\u00edtica ni de propaganda o publicidad externa.<\/li>\n<\/ul>\n\n\n\n<h4 class=\"wp-block-heading\"><strong>SOBRE LOS CONTENIDOS<\/strong><\/h4>\n\n\n\n<ul class=\"wp-block-list\">\n<li>Se advierte que esta web no se responsabiliza de &nbsp;la exactitud, veracidad o vigencia de la informaci\u00f3n publicada por partes externas a esta Secci\u00f3n Sindical de <span style=\"color:#ff0000\" class=\"has-inline-color\"><strong><em>co.bas<\/em><\/strong><\/span>, ni de las consecuencias que la misma pueda causar en su aplicaci\u00f3n.<\/li>\n\n\n\n<li>La informaci\u00f3n que se ofrece procede de las fuentes que se citan en cada caso. En consecuencia, la utilizaci\u00f3n de la misma no genera ninguna responsabilidad de nuestra parte y corre por exclusivo cargo de las personas usuarias corroborar su autenticidad y veracidad.<\/li>\n\n\n\n<li>Ni esta web ni su equipo de administraci\u00f3n se hacen responsables, ni tendr\u00e1n ning\u00fan tipo de obligaci\u00f3n legal, por la veracidad, uso o disponibilidad de la informaci\u00f3n o contenido transmitida por medio de este servicio por terceras partes.<\/li>\n\n\n\n<li>Queda prohibido publicar direcciones de email, enlaces externos o n\u00fameros de tel\u00e9fono si no es con una autorizaci\u00f3n expl\u00edcita y fehaciente del equipo de moderaci\u00f3n de la web.<\/li>\n\n\n\n<li>Queda prohibida la publicidad en la web fuera del control de los equipos de moderaci\u00f3n.<\/li>\n\n\n\n<li>Cualquier participante es responsable de sus palabras y actos.<\/li>\n\n\n\n<li>El equipo de moderaci\u00f3n de la web se reserva el derecho de editar o eliminar los mensajes que consideren inaceptables en el mismo, as\u00ed como restringir el acceso a las personas que muestren un comportamiento inapropiado.<\/li>\n\n\n\n<li>En esta web no son aceptables los insultos ni cualquier tipo de mensaje que pueda ser considerado como punible por la legislaci\u00f3n vigente.<\/li>\n\n\n\n<li>Los mensajes claramente ofensivos ser\u00e1n borrados parcial o totalmente si no lo hace al autor.<\/li>\n\n\n\n<li>Desde la administraci\u00f3n se podr\u00e1n eliminar respuestas a un tema cuyo contenido no tenga relaci\u00f3n alguna con el tema principal.<\/li>\n\n\n\n<li>Est\u00e1 terminantemente prohibida la retransmisi\u00f3n y reproducci\u00f3n total o parcial de la informaci\u00f3n y\/o procedimientos presentados en el blog, salvo los casos donde se autoriza el libre uso en forma fehaciente por la parte autora. Su violaci\u00f3n est\u00e1 penada por la ley.<\/li>\n\n\n\n<li>Cualquier controversia ser\u00e1 sometida a los Tribunales Ordinarios seg\u00fan la legislaci\u00f3n vigente.<\/li>\n<\/ul>\n\n\n\n<h4 class=\"wp-block-heading\"><strong>SOBRE V\u00cdNCULOS DE DOCUMENTOS<\/strong><\/h4>\n\n\n\n<ul class=\"wp-block-list\">\n<li>Los links que aparecen en la web son proporcionados con el efecto de suministrar al usuario una mayor cantidad de datos e informaci\u00f3n \u00fatiles sobre los temas de su inter\u00e9s.<\/li>\n\n\n\n<li>El equipo de administraci\u00f3n de esta web no se responsabiliza por el contenido ni el cambio sin previo aviso de estos sitios.<\/li>\n<\/ul>\n\n\n\n<h4 class=\"wp-block-heading\">SOBRE MODIFICACIONES EN EL SITIO<\/h4>\n\n\n\n<ul class=\"wp-block-list\">\n<li>El equipo de administraci\u00f3n de esta web se reserva el derecho de modificar las cl\u00e1usulas de condiciones sin previo aviso y publicarlas para mantener informadas a las personas&nbsp;usuarias.<\/li>\n\n\n\n<li>Tambi\u00e9n se reserva el derecho de modificar y\/o eliminar sin previo aviso contenidos que por alguna raz\u00f3n considere necesario realizar.<\/li>\n<\/ul>\n\n\n\n<h4 class=\"wp-block-heading\"><strong>\u00c9TICA<\/strong><\/h4>\n\n\n\n<ul class=\"wp-block-list\">\n<li>Procuremos mantener conversaciones amigables y dentro de un ambiente agradable.<\/li>\n\n\n\n<li>Seamos pacientes con quienes no saben y quieren aprender.<\/li>\n\n\n\n<li>Respetemos las opiniones de las personas participantes.<\/li>\n<\/ul>\n","protected":false},"excerpt":{"rendered":"<div class=\"mh-excerpt\">SOBRE LA PARTICIPACI\u00d3N EN LOS COMENTARIOS EN ESTA WEB SOBRE LOS CONTENIDOS SOBRE V\u00cdNCULOS DE DOCUMENTOS SOBRE MODIFICACIONES EN EL SITIO \u00c9TICA<\/div>\n","protected":false},"author":1,"featured_media":0,"parent":0,"menu_order":0,"comment_status":"closed","ping_status":"closed","template":"","meta":{"_kadence_starter_templates_imported_post":false,"footnotes":""},"class_list":["post-32","page","type-page","status-publish"],"_links":{"self":[{"href":"https:\/\/www.sitescobas.es\/atosholding\/wp-json\/wp\/v2\/pages\/32","targetHints":{"allow":["GET"]}}],"collection":[{"href":"https:\/\/www.sitescobas.es\/atosholding\/wp-json\/wp\/v2\/pages"}],"about":[{"href":"https:\/\/www.sitescobas.es\/atosholding\/wp-json\/wp\/v2\/types\/page"}],"author":[{"embeddable":true,"href":"https:\/\/www.sitescobas.es\/atosholding\/wp-json\/wp\/v2\/users\/1"}],"replies":[{"embeddable":true,"href":"https:\/\/www.sitescobas.es\/atosholding\/wp-json\/wp\/v2\/comments?post=32"}],"version-history":[{"count":2,"href":"https:\/\/www.sitescobas.es\/atosholding\/wp-json\/wp\/v2\/pages\/32\/revisions"}],"predecessor-version":[{"id":235,"href":"https:\/\/www.sitescobas.es\/atosholding\/wp-json\/wp\/v2\/pages\/32\/revisions\/235"}],"wp:attachment":[{"href":"https:\/\/www.sitescobas.es\/atosholding\/wp-json\/wp\/v2\/media?parent=32"}],"curies":[{"name":"wp","href":"https:\/\/api.w.org\/{rel}","templated":true}]}}