{"id":122,"date":"2023-05-03T07:03:29","date_gmt":"2023-05-03T07:03:29","guid":{"rendered":"https:\/\/www.sitescobas.es\/eviden\/?page_id=122"},"modified":"2023-05-30T08:08:25","modified_gmt":"2023-05-30T08:08:25","slug":"mutuas-y-servicios-de-prevencion-ajenos-en-atosholding","status":"publish","type":"page","link":"https:\/\/www.sitescobas.es\/atosholding\/mutuas-y-servicios-de-prevencion-ajenos-en-atosholding\/","title":{"rendered":"Mutuas y Servicios de prevenci\u00f3n ajenos en Atos Holding"},"content":{"rendered":"\n<p>A continuaci\u00f3n os mostramos la informaci\u00f3n de las Mutuas y Servicios de Prevenci\u00f3n ajenos con los que trabaja cada una de las empresas de Atos Holding:<\/p>\n\n\n<style>.kt-tabs-id_928d3c-05 > .kt-tabs-content-wrap > .wp-block-kadence-tab{border-top:3px solid #cf2e2e;border-right:0px solid #0a6689;border-bottom:0px solid #0a6689;border-left:0px solid #0a6689;border-top-left-radius:0px;border-top-right-radius:0px;border-bottom-right-radius:0px;border-bottom-left-radius:0px;padding-top:var(--global-kb-spacing-sm, 1.5rem);padding-right:var(--global-kb-spacing-sm, 1.5rem);padding-bottom:var(--global-kb-spacing-sm, 1.5rem);padding-left:var(--global-kb-spacing-sm, 1.5rem);}.wp-block-kadence-tabs .kt-tabs-id_928d3c-05 > .kt-tabs-title-list li{margin-top:0px;margin-right:8px;margin-bottom:0px;margin-left:0px;}.wp-block-kadence-tabs .kt-tabs-id_928d3c-05 > .kt-tabs-title-list li:last-child{margin-right:0px;}.wp-block-kadence-tabs .kt-tabs-id_928d3c-05 > .kt-tabs-title-list li .kt-tab-title, .wp-block-kadence-tabs .kt-tabs-id_928d3c-05 > .kt-tabs-content-wrap > .kt-tabs-accordion-title .kt-tab-title{line-height:1.4em;font-weight:regular;font-style:normal;border-top-width:0px;border-right-width:0px;border-bottom-width:0px;border-left-width:0px;border-top-left-radius:4px;border-top-right-radius:4px;border-bottom-right-radius:0px;border-bottom-left-radius:0px;padding-top:8px;padding-right:20px;padding-bottom:8px;padding-left:20px;color:var(--global-palette4, #2D3748);background:var(--global-palette7, #eeeeee);}.wp-block-kadence-tabs .kt-tabs-id_928d3c-05 > .kt-tabs-content-wrap > .kt-tabs-accordion-title .kt-tab-title{margin-top:0px;margin-right:8px;margin-bottom:0px;margin-left:0px;}.wp-block-kadence-tabs .kt-tabs-id_928d3c-05 > .kt-tabs-title-list li .kt-tab-title:hover, .wp-block-kadence-tabs .kt-tabs-id_928d3c-05 > .kt-tabs-content-wrap > .kt-tabs-accordion-title .kt-tab-title:hover{border-color:var(--global-palette7, #eeeeee);color:var(--global-palette3, #1A202C);background:var(--global-palette8, #F7FAFC);}.wp-block-kadence-tabs .kt-tabs-id_928d3c-05 > .kt-tabs-title-list li.kt-tab-title-active .kt-tab-title, .wp-block-kadence-tabs .kt-tabs-id_928d3c-05 > .kt-tabs-content-wrap > .kt-tabs-accordion-title.kt-tab-title-active .kt-tab-title{border-color:var(--global-palette7, #eeeeee);color:#ffffff;background:#6a778f;}@media all and (max-width: 1024px){.kt-tabs-id_928d3c-05 > .kt-tabs-content-wrap > .wp-block-kadence-tab{border-top:3px solid #cf2e2e;border-right:0px solid #0a6689;border-bottom:0px solid #0a6689;border-left:0px solid #0a6689;}}@media all and (max-width: 767px){.kt-tabs-id_928d3c-05 > .kt-tabs-content-wrap > .wp-block-kadence-tab{border-top:3px solid #cf2e2e;border-right:0px solid #0a6689;border-bottom:0px solid #0a6689;border-left:0px solid #0a6689;}}<\/style>\n<div class=\"wp-block-kadence-tabs alignnone\"><div class=\"kt-tabs-wrap kt-tabs-id_928d3c-05 kt-tabs-has-1-tabs kt-active-tab-1 kt-tabs-layout-tabs kt-tabs-tablet-layout-inherit kt-tabs-mobile-layout-inherit kt-tab-alignment-left \"><ul class=\"kt-tabs-title-list\"><li id=\"tab-atosholding\" class=\"kt-title-item kt-title-item-1 kt-tabs-svg-show-always kt-tabs-icon-side-right kt-tab-title-active\"><a href=\"#tab-atosholding\" data-tab=\"1\" class=\"kt-tab-title kt-tab-title-1 \"><span class=\"kt-title-text\">Atos Holding<\/span><\/a><\/li><\/ul><div class=\"kt-tabs-content-wrap\">\n<div class=\"wp-block-kadence-tab kt-tab-inner-content kt-inner-tab-1 kt-inner-tab_0cab5e-78\"><div class=\"kt-tab-inner-content-inner\">\n<p><strong>MUTUA<\/strong>: MC MUTUAL (https:\/\/www.mc-mutual.com\/)<br><strong>SERVICIO DE PREVENCI\u00d3N AJENO: <\/strong>VALORA (https:\/\/www.valoraprevencion.es\/)<\/p>\n<\/div><\/div>\n<\/div><\/div><\/div>\n\n\n\n<p>Si quereis m\u00e1s informaci\u00f3n sobre lo que son las M\u00fatuas y los Servicios de Prevenci\u00f3n Ajenos, y cual es la funci\u00f3n de cada uno de estos organismos podeis ampliar informaci\u00f3n en:<\/p>\n\n\n\n<p><a href=\"https:\/\/revista.seg-social.es\/-\/%C2%BFqu%C3%A9-son-las-mutuas-#:~:text=Una%20mutua%20es%20una%20asociaci%C3%B3n,actividad%20de%20los%20trabajadores%20aut%C3%B3nomos.\" target=\"_blank\" rel=\"noopener\">\u00bfQue son las mutuas?<\/a><\/p>\n\n\n\n<p><a href=\"https:\/\/expinterweb.mites.gob.es\/serpa\/pub\/inicio\" target=\"_blank\" rel=\"noopener\">Servicios de prevenci\u00f3n Ajenos<\/a><\/p>\n","protected":false},"excerpt":{"rendered":"<div class=\"mh-excerpt\">A continuaci\u00f3n os mostramos la informaci\u00f3n de las Mutuas y Servicios de Prevenci\u00f3n ajenos con los que trabaja cada una de las empresas de Atos Holding: Si quereis m\u00e1s informaci\u00f3n sobre lo que son las <a class=\"mh-excerpt-more\" href=\"https:\/\/www.sitescobas.es\/atosholding\/mutuas-y-servicios-de-prevencion-ajenos-en-atosholding\/\" title=\"Mutuas y Servicios de prevenci\u00f3n ajenos en Atos Holding\">[&#8230;]<\/a><\/div>\n","protected":false},"author":10,"featured_media":0,"parent":0,"menu_order":0,"comment_status":"closed","ping_status":"closed","template":"","meta":{"_kadence_starter_templates_imported_post":false,"footnotes":""},"class_list":["post-122","page","type-page","status-publish"],"_links":{"self":[{"href":"https:\/\/www.sitescobas.es\/atosholding\/wp-json\/wp\/v2\/pages\/122","targetHints":{"allow":["GET"]}}],"collection":[{"href":"https:\/\/www.sitescobas.es\/atosholding\/wp-json\/wp\/v2\/pages"}],"about":[{"href":"https:\/\/www.sitescobas.es\/atosholding\/wp-json\/wp\/v2\/types\/page"}],"author":[{"embeddable":true,"href":"https:\/\/www.sitescobas.es\/atosholding\/wp-json\/wp\/v2\/users\/10"}],"replies":[{"embeddable":true,"href":"https:\/\/www.sitescobas.es\/atosholding\/wp-json\/wp\/v2\/comments?post=122"}],"version-history":[{"count":2,"href":"https:\/\/www.sitescobas.es\/atosholding\/wp-json\/wp\/v2\/pages\/122\/revisions"}],"predecessor-version":[{"id":293,"href":"https:\/\/www.sitescobas.es\/atosholding\/wp-json\/wp\/v2\/pages\/122\/revisions\/293"}],"wp:attachment":[{"href":"https:\/\/www.sitescobas.es\/atosholding\/wp-json\/wp\/v2\/media?parent=122"}],"curies":[{"name":"wp","href":"https:\/\/api.w.org\/{rel}","templated":true}]}}